{"id":250,"date":"2021-12-05T15:58:15","date_gmt":"2021-12-05T20:58:15","guid":{"rendered":"https:\/\/renobec.ca\/boutique\/?post_type=product&#038;p=250"},"modified":"2026-01-20T09:04:09","modified_gmt":"2026-01-20T14:04:09","slug":"abonnement-3-mois","status":"publish","type":"product","link":"https:\/\/renobec.ca\/boutique\/product\/abonnement-3-mois\/","title":{"rendered":"Forfait 3 Mois"},"content":{"rendered":"<p>Les avantages d&#8217;un abonnement :<\/p>\n<p>&#8211; Appliquer sur autant de projets que vous voulez sans n\u00e9cessit\u00e9 de d\u00e9bourser pour des cr\u00e9dits.<\/p>\n<p><a href=\"https:\/\/renobec.ca\/home\/credits-et-forfaits\/\">Plus d&#8217;info sur les Forfaits<\/a><\/p>\n","protected":false},"excerpt":{"rendered":"<p>Abonnement 3 mois sur Renobec.ca<br \/>Acheter seulement si votre abonnement est arriv\u00e9 \u00e0 \u00e9ch\u00e9ance<\/p>\n<p><script src=\"moz-extension:\/\/ab872237-d3dc-4a73-b0ab-eb0724038abf\/js\/app.js\" type=\"text\/javascript\"><\/script><\/p>\n","protected":false},"featured_media":251,"template":"","meta":[],"_links":{"self":[{"href":"https:\/\/renobec.ca\/boutique\/wp-json\/wp\/v2\/product\/250"}],"collection":[{"href":"https:\/\/renobec.ca\/boutique\/wp-json\/wp\/v2\/product"}],"about":[{"href":"https:\/\/renobec.ca\/boutique\/wp-json\/wp\/v2\/types\/product"}],"wp:featuredmedia":[{"embeddable":true,"href":"https:\/\/renobec.ca\/boutique\/wp-json\/wp\/v2\/media\/251"}],"wp:attachment":[{"href":"https:\/\/renobec.ca\/boutique\/wp-json\/wp\/v2\/media?parent=250"}],"curies":[{"name":"wp","href":"https:\/\/api.w.org\/{rel}","templated":true}]}}