{"id":1093,"date":"2025-04-02T10:26:07","date_gmt":"2025-04-02T14:26:07","guid":{"rendered":"https:\/\/renobec.ca\/home\/?page_id=1093"},"modified":"2026-03-13T04:30:46","modified_gmt":"2026-03-13T08:30:46","slug":"emplois-dans-la-construction","status":"publish","type":"page","link":"https:\/\/renobec.ca\/home\/en\/emplois-dans-la-construction\/","title":{"rendered":"Working in the construction industry"},"content":{"rendered":"<h1 class=\"wp-block-heading\">Find a job with our partner-contractors! <\/h1>\n\n\n<div class=\"wp-block-image is-style-default\">\n<figure class=\"alignleft size-medium is-resized\"><img decoding=\"async\" loading=\"lazy\" src=\"https:\/\/renobec.ca\/home\/wp-content\/uploads\/2026\/03\/pexels-rezwan-1216544-300x200.jpg\" alt=\"emplois\" class=\"wp-image-1660\" width=\"436\" height=\"291\" srcset=\"https:\/\/renobec.ca\/home\/wp-content\/uploads\/2026\/03\/pexels-rezwan-1216544-300x200.jpg 300w, https:\/\/renobec.ca\/home\/wp-content\/uploads\/2026\/03\/pexels-rezwan-1216544-1024x683.jpg 1024w, https:\/\/renobec.ca\/home\/wp-content\/uploads\/2026\/03\/pexels-rezwan-1216544-768x512.jpg 768w, https:\/\/renobec.ca\/home\/wp-content\/uploads\/2026\/03\/pexels-rezwan-1216544-1536x1024.jpg 1536w, https:\/\/renobec.ca\/home\/wp-content\/uploads\/2026\/03\/pexels-rezwan-1216544-2048x1365.jpg 2048w, https:\/\/renobec.ca\/home\/wp-content\/uploads\/2026\/03\/pexels-rezwan-1216544-18x12.jpg 18w\" sizes=\"(max-width: 436px) 100vw, 436px\" \/><\/figure><\/div>\n\n\n<h2 class=\"wp-block-heading\"><strong>Discover our free recruitment service for working in the construction sector!<\/strong><\/h2>\n\n\n\n<p>Job seekers can register a candidate account allowing them to create their profile and apply for these job offers with ease. <\/p>\n\n\n\n<p>In short:<\/p>\n\n\n\n<ul>\n<li><strong>For job seekers<\/strong>: Easily create your&nbsp;<a rel=\"noreferrer noopener\" href=\"https:\/\/renobec.ca\/home\/en\/emploi\/\" target=\"_blank\"><a href=\"https:\/\/renobec.ca\/jobseeker\">candidate account<\/a><\/a>, then log in via&nbsp;<a rel=\"noreferrer noopener\" href=\"https:\/\/renobec.ca\/home\/en\/connexion\/\" target=\"_blank\"><a href=\"https:\/\/renobec.ca\/login\">the member area<\/a><\/a>. Highlight your skills and apply directly for current job offers. You will also have the opportunity to appear in the candidate bank, giving your profile more visibility to employers.<\/li>\n<\/ul>\n\n\n\n<p style=\"font-size:30px\"><a href=\"https:\/\/renobec.ca\/home\/en\/emploi\/\"><strong><a href=\"https:\/\/renobec.ca\/jobseeker\">Create your candidate account<\/a> <\/strong><\/a><\/p>\n\n\n\n<p>The job seeker finds, in one place, various employment contracts, short and long term, to advance his career.<\/p>\n\n\n\n<p>Join us today and take advantage of this <strong>opportunity to connect the best professionals<\/strong> from the construction and renovation field! <\/p>","protected":false},"excerpt":{"rendered":"<p>Trouvez un emploi avec nos partenaires-entrepreneurs! D\u00e9couvrez notre service gratuit de recrutement pour travailler dans le domaine de la construction ! Les chercheurs d\u2019emplois peuvent&nbsp;enregistrer un compte-candidat leur permettant de cr\u00e9er leur profil, et postuler \u00e0 ces offres d\u2019emploi en toute simplicit\u00e9. En somme : Cr\u00e9er votre compte-candidat Le chercheur d&#8217;emploi trouve, \u00e0 un seul [&hellip;]<\/p>","protected":false},"author":1,"featured_media":0,"parent":0,"menu_order":0,"comment_status":"closed","ping_status":"closed","template":"","meta":[],"_links":{"self":[{"href":"https:\/\/renobec.ca\/home\/en\/wp-json\/wp\/v2\/pages\/1093"}],"collection":[{"href":"https:\/\/renobec.ca\/home\/en\/wp-json\/wp\/v2\/pages"}],"about":[{"href":"https:\/\/renobec.ca\/home\/en\/wp-json\/wp\/v2\/types\/page"}],"author":[{"embeddable":true,"href":"https:\/\/renobec.ca\/home\/en\/wp-json\/wp\/v2\/users\/1"}],"replies":[{"embeddable":true,"href":"https:\/\/renobec.ca\/home\/en\/wp-json\/wp\/v2\/comments?post=1093"}],"version-history":[{"count":41,"href":"https:\/\/renobec.ca\/home\/en\/wp-json\/wp\/v2\/pages\/1093\/revisions"}],"predecessor-version":[{"id":1670,"href":"https:\/\/renobec.ca\/home\/en\/wp-json\/wp\/v2\/pages\/1093\/revisions\/1670"}],"wp:attachment":[{"href":"https:\/\/renobec.ca\/home\/en\/wp-json\/wp\/v2\/media?parent=1093"}],"curies":[{"name":"wp","href":"https:\/\/api.w.org\/{rel}","templated":true}]}}