{"id":1131,"date":"2025-04-02T17:50:44","date_gmt":"2025-04-02T21:50:44","guid":{"rendered":"https:\/\/renobec.ca\/home\/?page_id=1131"},"modified":"2025-04-08T17:33:24","modified_gmt":"2025-04-08T21:33:24","slug":"application-joby","status":"publish","type":"page","link":"https:\/\/renobec.ca\/home\/en\/application-joby\/","title":{"rendered":"Joby App"},"content":{"rendered":"<h2 class=\"wp-block-heading\">Joby App<\/h2>\n\n\n\n<p>Joby is the name of the application behind R\u00e9nobec. All users: homeowners, contractors, job seekers, and representatives have access to this application.<\/p>\n\n\n\n<figure class=\"wp-block-image size-large\"><img decoding=\"async\" loading=\"lazy\" width=\"1024\" height=\"458\" src=\"https:\/\/renobec.ca\/home\/wp-content\/uploads\/2025\/04\/capture_english.png\" alt=\"\" class=\"wp-image-1132\" srcset=\"\" sizes=\"(max-width: 1024px) 100vw, 1024px\" data-srcset=\"\" \/><\/figure>\n\n\n\n<h2 class=\"wp-block-heading\"><a href=\"https:\/\/renobec.ca\/home\/en\/connexion\/\"><a href=\"https:\/\/renobec.ca\/login\">Log in to the Member Area<\/a><\/a><\/h2>","protected":false},"excerpt":{"rendered":"<p>Application Joby Joby c&rsquo;est le nom de l&rsquo;application derri\u00e8re R\u00e9nobec. Tous les usagers : Propri\u00e9taires, Entrepreneurs, Chercheurs d&#8217;emplois et Repr\u00e9sentants ont acc\u00e8s \u00e0 cet application. Connectez-vous \u00e0 l&rsquo;Espace membre<\/p>","protected":false},"author":1,"featured_media":0,"parent":0,"menu_order":0,"comment_status":"closed","ping_status":"closed","template":"","meta":[],"_links":{"self":[{"href":"https:\/\/renobec.ca\/home\/en\/wp-json\/wp\/v2\/pages\/1131"}],"collection":[{"href":"https:\/\/renobec.ca\/home\/en\/wp-json\/wp\/v2\/pages"}],"about":[{"href":"https:\/\/renobec.ca\/home\/en\/wp-json\/wp\/v2\/types\/page"}],"author":[{"embeddable":true,"href":"https:\/\/renobec.ca\/home\/en\/wp-json\/wp\/v2\/users\/1"}],"replies":[{"embeddable":true,"href":"https:\/\/renobec.ca\/home\/en\/wp-json\/wp\/v2\/comments?post=1131"}],"version-history":[{"count":3,"href":"https:\/\/renobec.ca\/home\/en\/wp-json\/wp\/v2\/pages\/1131\/revisions"}],"predecessor-version":[{"id":1156,"href":"https:\/\/renobec.ca\/home\/en\/wp-json\/wp\/v2\/pages\/1131\/revisions\/1156"}],"wp:attachment":[{"href":"https:\/\/renobec.ca\/home\/en\/wp-json\/wp\/v2\/media?parent=1131"}],"curies":[{"name":"wp","href":"https:\/\/api.w.org\/{rel}","templated":true}]}}