{"id":1371,"date":"2025-11-27T21:34:56","date_gmt":"2025-11-28T02:34:56","guid":{"rendered":"https:\/\/renobec.ca\/home\/?page_id=1371"},"modified":"2026-02-09T13:36:17","modified_gmt":"2026-02-09T18:36:17","slug":"publier-maintenant","status":"publish","type":"page","link":"https:\/\/renobec.ca\/home\/en\/publier-maintenant\/","title":{"rendered":"Post a project now"},"content":{"rendered":"<h1 class=\"wp-block-heading\">Ready to launch your project?<\/h1>\n\n\n\n<h2 class=\"wp-block-heading\"><strong>Complete the form: <\/strong><\/h2>\n\n\n\n<figure class=\"wp-block-image size-full is-resized\"><img decoding=\"async\" loading=\"lazy\" src=\"https:\/\/renobec.ca\/home\/wp-content\/uploads\/2021\/12\/projet.jpg\" alt=\"\" class=\"wp-image-498\" width=\"245\" height=\"162\" srcset=\"https:\/\/renobec.ca\/home\/wp-content\/uploads\/2021\/12\/projet.jpg 379w, https:\/\/renobec.ca\/home\/wp-content\/uploads\/2021\/12\/projet-300x198.jpg 300w\" sizes=\"(max-width: 245px) 100vw, 245px\" \/><\/figure>\n\n\n<div role=\"form\" class=\"wpcf7\" id=\"wpcf7-f270-o1\" lang=\"fr-CA\" dir=\"ltr\">\n<div class=\"screen-reader-response\"><p role=\"status\" aria-live=\"polite\" aria-atomic=\"true\"><\/p> <ul><\/ul><\/div>\n<form action=\"\/home\/wp-json\/wp\/v2\/pages\/1371\" method=\"post\" class=\"wpcf7-form init\" enctype=\"multipart\/form-data\" novalidate=\"novalidate\" data-status=\"init\" data-trp-original-action=\"\/home\/en\/wp-json\/wp\/v2\/pages\/1371#wpcf7-f270-o1\">\n<div style=\"display: none;\">\n<input type=\"hidden\" name=\"_wpcf7\" value=\"270\" \/>\n<input type=\"hidden\" name=\"_wpcf7_version\" value=\"5.4.2\" \/>\n<input type=\"hidden\" name=\"_wpcf7_locale\" value=\"fr_CA\" \/>\n<input type=\"hidden\" name=\"_wpcf7_unit_tag\" value=\"wpcf7-f270-o1\" \/>\n<input type=\"hidden\" name=\"_wpcf7_container_post\" value=\"0\" \/>\n<input type=\"hidden\" name=\"_wpcf7_posted_data_hash\" value=\"\" \/>\n<\/div>\n<h3>Homeowner information<\/h3>\n<p><br><br \/>\n<label> First Name <span class=\"red\">*<\/span> <span class=\"wpcf7-form-control-wrap your-firstname\"><input type=\"text\" name=\"your-firstname\" value=\"\" size=\"40\" class=\"wpcf7-form-control wpcf7-text wpcf7-validates-as-required\" aria-required=\"true\" aria-invalid=\"false\" \/><\/span> <\/label> <label> Last Name <span class=\"red\">*<\/span> <span class=\"wpcf7-form-control-wrap your-lastname\"><input type=\"text\" name=\"your-lastname\" value=\"\" size=\"40\" class=\"wpcf7-form-control wpcf7-text wpcf7-validates-as-required\" aria-required=\"true\" aria-invalid=\"false\" \/><\/span> <\/label><br><br \/>\n<label>Phone number <span class=\"red\">*<\/span> <span class=\"wpcf7-form-control-wrap your-telephone\"><input type=\"tel\" name=\"your-telephone\" value=\"\" size=\"40\" class=\"wpcf7-form-control wpcf7-text wpcf7-tel wpcf7-validates-as-required wpcf7-validates-as-tel\" aria-required=\"true\" aria-invalid=\"false\" \/><\/span> <\/label> <label> Email address <span class=\"red\">*<\/span> <span class=\"wpcf7-form-control-wrap your-email\"><input type=\"email\" name=\"your-email\" value=\"\" size=\"40\" class=\"wpcf7-form-control wpcf7-text wpcf7-email wpcf7-validates-as-required wpcf7-validates-as-email\" aria-required=\"true\" aria-invalid=\"false\" \/><\/span> <\/label><br><br \/>\n<label>Postal code <span class=\"red\">*<\/span> <span class=\"wpcf7-form-control-wrap your-postalcode\"><input type=\"text\" name=\"your-postalcode\" value=\"\" size=\"40\" class=\"wpcf7-form-control wpcf7-text wpcf7-validates-as-required\" aria-required=\"true\" aria-invalid=\"false\" \/><\/span> <\/label><br><br><\/p>\n<h3>Project information<\/h3>\n<p><br><br \/>\n<label> Type of services <span class=\"red\">*<\/span><br \/>\n<span class=\"wpcf7-form-control-wrap menu-405\"><select name=\"menu-405\" class=\"wpcf7-form-control wpcf7-select wpcf7-validates-as-required services\" id=\"mene_services\" aria-required=\"true\" aria-invalid=\"false\"><option value=\"\">---<\/option><option value=\"Abattage d&#039;arbre\/ \u00c9mondage\">Tree felling \/ pruning<\/option><option value=\"Abri\/ Auvent\/ Toile\/ Gazebo\">Shelter\/ Awning\/ Canvas\/ Gazebo<\/option><option value=\"Agrandissement de maison\">House extension<\/option><option value=\"Am\u00e9nagement paysager\/ Paysagement\">Landscaping<\/option><option value=\"Architecte\/ Plans\">Architect\/ Plans<\/option><option value=\"Asphaltage\">Asphalting<\/option><option value=\"Balcon\/ Patio\">Balcony\/Patio<\/option><option value=\"B\u00e9ton\/ Bloc de ciment\/ Ciment\">Concrete\/ Cement block\/ Cement<\/option><option value=\"Branchement au gaz naturel\">Natural gas connection<\/option><option value=\"Cabanon\/ Remise\">Shed<\/option><option value=\"Calfeutrage\">Caulking<\/option><option value=\"Carrelage\/ C\u00e9ramique\">Tile\/ Ceramic<\/option><option value=\"Charpente\">Framework<\/option><option value=\"Chauffage\/ Climatisation \/ Ventilation\/ R\u00e9frig\u00e9ration\">Heating\/ Air conditioning \/ Ventilation\/ Refrigeration<\/option><option value=\"Cl\u00f4ture\">Fencing<\/option><option value=\"Coffrage\">Formwork<\/option><option value=\"Construction de maison\">House Building<\/option><option value=\"Couvre-plancher bois franc\/ flottant\">Hardwood\/floating flooring<\/option><option value=\"D\u00e9contamination\">Decontamination<\/option><option value=\"D\u00e9molition\">Demolition<\/option><option value=\"D\u00e9placement de b\u00e2timent\">Building displacement<\/option><option value=\"Design Int\u00e9rieur\">Interior design<\/option><option value=\"Division\">Division<\/option><option value=\"Domotique\">Automation<\/option><option value=\"\u00c9benesterie\">Cabinetmaking<\/option><option value=\"\u00c9lectricit\u00e9\">Electricity<\/option><option value=\"Entrepreneur g\u00e9n\u00e9ral\">General contractor<\/option><option value=\"Entretien ext\u00e9rieur\/ pelouse\/ neige\">Outdoor\/lawn\/snow maintenance<\/option><option value=\"Entretien int\u00e9rieur\/ m\u00e9nage\">Interior maintenance \/ cleaning<\/option><option value=\"Escalier ext\u00e9rieur\/ rampe\">Exterior staircase\/ramp<\/option><option value=\"Escalier int\u00e9rieur\/ rampe\">Interior staircase\/ramp<\/option><option value=\"\u00c9valution\/ Estimation\/ Inspection\">Evaluation\/ Estimate\/ Inspection<\/option><option value=\"Excavation\">Excavation<\/option><option value=\"Fen\u00eatre\">Window<\/option><option value=\"Finition int\u00e9rieure\">Interior finish<\/option><option value=\"Fondations\">Foundations<\/option><option value=\"Foyer\/ Chemin\u00e9e\">Fireplace\/ Chimney<\/option><option value=\"Goutti\u00e8res\">Gutters<\/option><option value=\"Isolation acoustique\/ insonorisation\">Acoustic insulation\/ soundproofing<\/option><option value=\"Isolation ignifucation\/ feu\">Fire\/fire insulation<\/option><option value=\"Isolation thermique\/ Chaleur\">Thermal insulation\/ Heat<\/option><option value=\"Lavage de vitres\">Window washing<\/option><option value=\"Luminaires\">Lighting<\/option><option value=\"Ma\u00e7onnerie\/ Brique\/ Pierre\">Masonry\/ Brick\/ Stone<\/option><option value=\"Menuiserie\">Carpentry<\/option><option value=\"Pavage\/ Pav\u00e9 uni\">Paving\/ Plain paving<\/option><option value=\"Peinture ext\u00e9rieur\">Exterior painting<\/option><option value=\"Peinture int\u00e9rieur\">Interior painting<\/option><option value=\"Piscine\/ Spa\">Pool \/ Spa<\/option><option value=\"Pl\u00e2tre\/ Pose de gypse\/ Tirage de joints\">Plaster\/ Laying gypsum\/ Jointing<\/option><option value=\"Plomberie\/ Tuyauterie\">Plumbing\/ Piping<\/option><option value=\"Porte\">Door<\/option><option value=\"Porte de garage\">Garage door<\/option><option value=\"Puits\/ Pompes\/ Drains\">Wells\/ Pumps\/ Drains<\/option><option value=\"Ramassage de d\u00e9bris\/ rebuts\">Collection of debris\/waste<\/option><option value=\"Ramonage\">Chimney sweeping<\/option><option value=\"R\u00e9novation apr\u00e8s sinistre\/ Nettoyage apr\u00e8s sinistre\">Disaster Renovation \/ Disaster Cleanup<\/option><option value=\"R\u00e9novation de cuisine\/ Armoires\/ Comptoirs\">Kitchen Renovation \/ Cabinets \/ Countertops<\/option><option value=\"R\u00e9novation de salle de bains\/ armoires\/ comptoirs\">Renovation of bathroom \/ cabinets \/ counters<\/option><option value=\"R\u00e9novation de sous-sol\">Basement renovation<\/option><option value=\"Rev\u00eatement ext\u00e9rieur\">Siding<\/option><option value=\"Rev\u00eatement int\u00e9rieur\">Interior coating<\/option><option value=\"Sablage\">Sandblasting<\/option><option value=\"Solage\/ \u00c9tanchement\/ Imperm\u00e9abilisation\/ R\u00e9paration de fissures\">Soiling\/ Sealing\/ Waterproofing\/ Crack repair<\/option><option value=\"Syst\u00e8me d&#039;alarme\/ S\u00e9curit\u00e9\">Alarm system\/ Security<\/option><option value=\"Terassement\/ Jardinage\/ Arpentage\">Landscaping\/ Gardening\/ Surveying<\/option><option value=\"Toiture\/ Couverture\">Roof\/Cover<\/option><\/select><\/span> <\/label> <label> Activity area <span class=\"red\">*<\/span> <span class=\"wpcf7-form-control-wrap menu-589\"><select name=\"menu-589\" class=\"wpcf7-form-control wpcf7-select wpcf7-validates-as-required menu_secteur\" id=\"secteur_activite\" aria-required=\"true\" aria-invalid=\"false\"><option value=\"\">---<\/option><option value=\"R\u00e9sidentiel\">Residential<\/option><option value=\"Commercial\">Commercial<\/option><option value=\"Industriel\">Industrial<\/option><\/select><\/span> <\/label><br\/><br \/>\n<label> Description <span class=\"red\">*<\/span> <span style=\"font-size:0.7em; color:#283890; \"> What is the work to be carried out?<\/span><\/p>\n<p>    <span class=\"wpcf7-form-control-wrap your-message\"><textarea name=\"your-message\" cols=\"40\" rows=\"10\" class=\"wpcf7-form-control wpcf7-textarea wpcf7-validates-as-required\" aria-required=\"true\" aria-invalid=\"false\"><\/textarea><\/span> <\/label><br \/>\n<label> Desired start date: <span class=\"red\">*<\/span> <span class=\"wpcf7-form-control-wrap Date-de-debut\"><select name=\"Date-de-debut\" class=\"wpcf7-form-control wpcf7-select wpcf7-validates-as-required dateDebut\" id=\"dateDebut\" aria-required=\"true\" aria-invalid=\"false\"><option value=\"\">---<\/option><option value=\"D\u00e8s que possible \/ Urgence\">D\u00e8s que possible \/ Urgence<\/option><option value=\"Dans les 2 prochaines semaines\">Dans les 2 prochaines semaines<\/option><option value=\"Dans 1 \u00e0 3 mois\">Dans 1 \u00e0 3 mois<\/option><option value=\"Plus de 3 mois \/ En planification\">Plus de 3 mois \/ En planification<\/option><\/select><\/span> <\/label>   <label> Budget <span class=\"red\">*<\/span> <span class=\"wpcf7-form-control-wrap menu-782\"><select name=\"menu-782\" class=\"wpcf7-form-control wpcf7-select wpcf7-validates-as-required menu_fourchette_budget\" id=\"fourchette_budget\" aria-required=\"true\" aria-invalid=\"false\"><option value=\"\">---<\/option><option value=\"0$ - 2000$\">0$ - 2000$<\/option><option value=\"2000$ - 5000$\">2000$ - 5000$<\/option><option value=\"5000$ - 20 000$\">5000$ - 20 000$<\/option><option value=\"20 000$ - 50 000$\">20 000$ - 50 000$<\/option><option value=\"+ que 50 000$\">+ 50 000$<\/option><\/select><\/span><\/label><br><br><\/p>\n<p><label> Attachments : <span style=\"font-size:0.7em; color:#283890; \"> If you want to add attachments<\/span><\/label><\/p>\n<p><label> File 1 <span class=\"wpcf7-form-control-wrap file-296\"><input type=\"file\" name=\"file-296\" size=\"40\" class=\"wpcf7-form-control wpcf7-file fichiers\" id=\"fichier1\" accept=\".docx,.pdf,.png,.jpg,.xlsx\" aria-invalid=\"false\" \/><\/span> <\/label><br \/>\n<label> File 2 <span class=\"wpcf7-form-control-wrap file-297\"><input type=\"file\" name=\"file-297\" size=\"40\" class=\"wpcf7-form-control wpcf7-file fichiers\" id=\"fichier2\" accept=\".docx,.pdf,.png,.jpg,.xlsx\" aria-invalid=\"false\" \/><\/span> <\/label><br \/>\n<label> File 3 <span class=\"wpcf7-form-control-wrap file-298\"><input type=\"file\" name=\"file-298\" size=\"40\" class=\"wpcf7-form-control wpcf7-file fichiers\" id=\"fichier3\" accept=\".docx,.pdf,.png,.jpg,.xlsx\" aria-invalid=\"false\" \/><\/span> <\/label><br \/>\n<label> File 4 <span class=\"wpcf7-form-control-wrap file-299\"><input type=\"file\" name=\"file-299\" size=\"40\" class=\"wpcf7-form-control wpcf7-file fichiers\" id=\"fichier4\" accept=\".docx,.pdf,.png,.jpg,.xlsx\" aria-invalid=\"false\" \/><\/span> <\/label><\/p>\n<h6>Accepted formats: docx | pdf | png | jpg | xlsx <br><br \/>\nMaximum size: 4 MB <\/h6>\n<p><br><\/p>\n<p><input type=\"submit\" value=\"Send\" class=\"wpcf7-form-control wpcf7-submit\" \/><\/p>\n<div class=\"wpcf7-response-output\" aria-hidden=\"true\"><\/div><input type=\"hidden\" name=\"trp-form-language\" value=\"en\"\/><\/form><\/div>\n\n\n\n<p><\/p>","protected":false},"excerpt":{"rendered":"<p>Pr\u00eat \u00e0 nous faire part de votre projet? Compl\u00e9tez le formulaire<\/p>","protected":false},"author":1,"featured_media":0,"parent":0,"menu_order":0,"comment_status":"closed","ping_status":"closed","template":"","meta":[],"_links":{"self":[{"href":"https:\/\/renobec.ca\/home\/en\/wp-json\/wp\/v2\/pages\/1371"}],"collection":[{"href":"https:\/\/renobec.ca\/home\/en\/wp-json\/wp\/v2\/pages"}],"about":[{"href":"https:\/\/renobec.ca\/home\/en\/wp-json\/wp\/v2\/types\/page"}],"author":[{"embeddable":true,"href":"https:\/\/renobec.ca\/home\/en\/wp-json\/wp\/v2\/users\/1"}],"replies":[{"embeddable":true,"href":"https:\/\/renobec.ca\/home\/en\/wp-json\/wp\/v2\/comments?post=1371"}],"version-history":[{"count":2,"href":"https:\/\/renobec.ca\/home\/en\/wp-json\/wp\/v2\/pages\/1371\/revisions"}],"predecessor-version":[{"id":1547,"href":"https:\/\/renobec.ca\/home\/en\/wp-json\/wp\/v2\/pages\/1371\/revisions\/1547"}],"wp:attachment":[{"href":"https:\/\/renobec.ca\/home\/en\/wp-json\/wp\/v2\/media?parent=1371"}],"curies":[{"name":"wp","href":"https:\/\/api.w.org\/{rel}","templated":true}]}}