{"id":152,"date":"2021-09-26T19:52:51","date_gmt":"2021-09-26T19:52:51","guid":{"rendered":"https:\/\/renobec.ca\/home\/?page_id=152"},"modified":"2026-02-09T13:36:43","modified_gmt":"2026-02-09T18:36:43","slug":"devenir-partenaire","status":"publish","type":"page","link":"https:\/\/renobec.ca\/home\/en\/devenir-partenaire\/","title":{"rendered":"Become partner-contractor"},"content":{"rendered":"<h1 class=\"wp-block-heading\"><strong>Grow your business with exclusive opportunities!<\/strong><\/h1>\n\n\n\n<figure class=\"wp-block-image size-full is-resized\"><img decoding=\"async\" loading=\"lazy\" src=\"https:\/\/renobec.ca\/home\/wp-content\/uploads\/2021\/09\/peinture.jpg\" alt=\"\" class=\"wp-image-71\" width=\"376\" height=\"251\" srcset=\"https:\/\/renobec.ca\/home\/wp-content\/uploads\/2021\/09\/peinture.jpg 960w, https:\/\/renobec.ca\/home\/wp-content\/uploads\/2021\/09\/peinture-300x200.jpg 300w, https:\/\/renobec.ca\/home\/wp-content\/uploads\/2021\/09\/peinture-768x512.jpg 768w\" sizes=\"(max-width: 376px) 100vw, 376px\" \/><\/figure>\n\n\n\n<h2 class=\"wp-block-heading\">Become a partner and enjoy numerous benefits to grow your business.<\/h2>\n\n\n\n<figure class=\"wp-block-table has-medium-font-size\"><table class=\"has-black-color has-white-background-color has-text-color has-background\"><tbody><tr><td><strong>Access exclusive projects<\/strong> posted by homeowners willing to collaborate!<\/td><td>\u2705<\/td><\/tr><tr><td><strong>Receive targeted leads<\/strong> : homeowners with renovation projects to be carried out and who have already expressed their interest in your services.<\/td><td>\u2705<\/td><\/tr><tr><td><strong>Publish your job offers<\/strong> and recruit qualified talent to expand your team.<\/td><td>\u2705<\/td><\/tr><tr><td><strong>Benefit from a database<\/strong> of active candidates seeking new professional opportunities.<\/td><td>\u2705<\/td><\/tr><tr><td><strong>Promote your business<\/strong> in a very simple way for the homeowners and users of our platform.<\/td><td>\u2705<\/td><\/tr><tr><td><strong>Enjoy a public profile page<\/strong> to showcase your services and attract new customers on the web.<\/td><td>\u2705<\/td><\/tr><\/tbody><\/table><\/figure>\n\n\n\n<div class=\"wp-block-buttons is-layout-flex\">\n<div class=\"wp-block-button is-style-outline\"><a class=\"wp-block-button__link has-white-color has-text-color has-background has-text-align-center wp-element-button\" href=\"https:\/\/renobec.ca\/home\/en\/fonctionnement\/\" style=\"border-radius:75px;background-color:#1d3d76\">More details<\/a><\/div>\n<\/div>\n\n\n\n<figure class=\"wp-block-image size-full is-resized\"><img decoding=\"async\" loading=\"lazy\" src=\"https:\/\/renobec.ca\/home\/wp-content\/uploads\/2021\/12\/agreement.png\" alt=\"\" class=\"wp-image-502\" width=\"364\" height=\"223\"\/><\/figure>\n\n\n\n<h2 class=\"wp-block-heading\">Join us and maximize your chances of success!<\/h2>\n\n\n\n<h2 class=\"wp-block-heading has-black-color has-text-color\">Veuillez compl\u00e9ter le formulaire ci-bas<\/h2>\n\n\n<div role=\"form\" class=\"wpcf7\" id=\"wpcf7-f305-o1\" lang=\"fr-CA\" dir=\"ltr\">\n<div class=\"screen-reader-response\"><p role=\"status\" aria-live=\"polite\" aria-atomic=\"true\"><\/p> <ul><\/ul><\/div>\n<form action=\"\/home\/wp-json\/wp\/v2\/pages\/152\" method=\"post\" class=\"wpcf7-form init\" novalidate=\"novalidate\" data-status=\"init\" data-trp-original-action=\"\/home\/en\/wp-json\/wp\/v2\/pages\/152#wpcf7-f305-o1\">\n<div style=\"display: none;\">\n<input type=\"hidden\" name=\"_wpcf7\" value=\"305\" \/>\n<input type=\"hidden\" name=\"_wpcf7_version\" value=\"5.4.2\" \/>\n<input type=\"hidden\" name=\"_wpcf7_locale\" value=\"fr_CA\" \/>\n<input type=\"hidden\" name=\"_wpcf7_unit_tag\" value=\"wpcf7-f305-o1\" \/>\n<input type=\"hidden\" name=\"_wpcf7_container_post\" value=\"0\" \/>\n<input type=\"hidden\" name=\"_wpcf7_posted_data_hash\" value=\"\" \/>\n<\/div>\n<p><label> Contractor's name <span class=\"red\">*<\/span><br \/>\n    <span class=\"wpcf7-form-control-wrap your-name\"><input type=\"text\" name=\"your-name\" value=\"\" size=\"40\" class=\"wpcf7-form-control wpcf7-text wpcf7-validates-as-required\" aria-required=\"true\" aria-invalid=\"false\" \/><\/span> <\/label><\/p>\n<p><label> Company Name <span class=\"red\">*<\/span><br \/>\n    <span class=\"wpcf7-form-control-wrap business-name\"><input type=\"text\" name=\"business-name\" value=\"\" size=\"40\" class=\"wpcf7-form-control wpcf7-text wpcf7-validates-as-required\" aria-required=\"true\" aria-invalid=\"false\" \/><\/span> <\/label><\/p>\n<p><label> Main service offered by your company <span class=\"red\">*<\/span><br \/>\n    <span class=\"wpcf7-form-control-wrap menu-405\"><select name=\"menu-405\" class=\"wpcf7-form-control wpcf7-select wpcf7-validates-as-required services\" id=\"mene_services\" aria-required=\"true\" aria-invalid=\"false\"><option value=\"\">---<\/option><option value=\"Abattage d&#039;arbre\/ \u00c9mondage\">Tree felling \/ pruning<\/option><option value=\"Abri\/ Auvent\/ Toile\/ Gazebo\">Shelter\/ Awning\/ Canvas\/ Gazebo<\/option><option value=\"Agrandissement de maison\">House extension<\/option><option value=\"Am\u00e9nagement paysager\/ Paysagement\">Landscaping<\/option><option value=\"Architecte\/ Plans\">Architect\/ Plans<\/option><option value=\"Asphaltage\">Asphalting<\/option><option value=\"Balcon\/ Patio\">Balcony\/Patio<\/option><option value=\"B\u00e9ton\/ Bloc de ciment\/ Ciment\">Concrete\/ Cement block\/ Cement<\/option><option value=\"Branchement au gaz naturel\">Natural gas connection<\/option><option value=\"Cabanon\/ Remise\">Shed<\/option><option value=\"Calfeutrage\">Caulking<\/option><option value=\"Carrelage\/ C\u00e9ramique\">Tile\/ Ceramic<\/option><option value=\"Charpente\">Framework<\/option><option value=\"Chauffage\/ Climatisation \/ Ventilation\/ R\u00e9frig\u00e9ration\">Heating\/ Air conditioning \/ Ventilation\/ Refrigeration<\/option><option value=\"Cl\u00f4ture\">Fencing<\/option><option value=\"Coffrage\">Formwork<\/option><option value=\"Construction de maison\">House Building<\/option><option value=\"Couvre-plancher bois franc\/ flottant\">Hardwood\/floating flooring<\/option><option value=\"D\u00e9contamination\">Decontamination<\/option><option value=\"D\u00e9molition\">Demolition<\/option><option value=\"D\u00e9placement de b\u00e2timent\">Building displacement<\/option><option value=\"Design Int\u00e9rieur\">Interior design<\/option><option value=\"Division\">Division<\/option><option value=\"Domotique\">Automation<\/option><option value=\"\u00c9benesterie\">Cabinetmaking<\/option><option value=\"\u00c9lectricit\u00e9\">Electricity<\/option><option value=\"Entrepreneur g\u00e9n\u00e9ral\">General contractor<\/option><option value=\"Entretien ext\u00e9rieur\/ pelouse\/ neige\">Outdoor\/lawn\/snow maintenance<\/option><option value=\"Entretien int\u00e9rieur\/ m\u00e9nage\">Interior maintenance \/ cleaning<\/option><option value=\"Escalier ext\u00e9rieur\/ rampe\">Exterior staircase\/ramp<\/option><option value=\"Escalier int\u00e9rieur\/ rampe\">Interior staircase\/ramp<\/option><option value=\"\u00c9valution\/ Estimation\/ Inspection\">Evaluation\/ Estimate\/ Inspection<\/option><option value=\"Excavation\">Excavation<\/option><option value=\"Fen\u00eatre\">Window<\/option><option value=\"Finition int\u00e9rieure\">Interior finish<\/option><option value=\"Fondations\">Foundations<\/option><option value=\"Foyer\/ Chemin\u00e9e\">Fireplace\/ Chimney<\/option><option value=\"Goutti\u00e8res\">Gutters<\/option><option value=\"Isolation acoustique\/ insonorisation\">Acoustic insulation\/ soundproofing<\/option><option value=\"Isolation ignifucation\/ feu\">Fire\/fire insulation<\/option><option value=\"Isolation thermique\/ Chaleur\">Thermal insulation\/ Heat<\/option><option value=\"Lavage de vitres\">Window washing<\/option><option value=\"Luminaires\">Lighting<\/option><option value=\"Ma\u00e7onnerie\/ Brique\/ Pierre\">Masonry\/ Brick\/ Stone<\/option><option value=\"Menuiserie\">Carpentry<\/option><option value=\"Pavage\/ Pav\u00e9 uni\">Paving\/ Plain paving<\/option><option value=\"Peinture ext\u00e9rieur\">Exterior painting<\/option><option value=\"Peinture int\u00e9rieur\">Interior painting<\/option><option value=\"Piscine\/ Spa\">Pool \/ Spa<\/option><option value=\"Pl\u00e2tre\/ Pose de gypse\/ Tirage de joints\">Plaster\/ Laying gypsum\/ Jointing<\/option><option value=\"Plomberie\/ Tuyauterie\">Plumbing\/ Piping<\/option><option value=\"Porte\">Door<\/option><option value=\"Porte de garage\">Garage door<\/option><option value=\"Puits\/ Pompes\/ Drains\">Wells\/ Pumps\/ Drains<\/option><option value=\"Ramassage de d\u00e9bris\/ rebuts\">Collection of debris\/waste<\/option><option value=\"Ramonage\">Chimney sweeping<\/option><option value=\"R\u00e9novation apr\u00e8s sinistre\/ Nettoyage apr\u00e8s sinistre\">Disaster Renovation \/ Disaster Cleanup<\/option><option value=\"R\u00e9novation de cuisine\/ Armoires\/ Comptoirs\">Kitchen Renovation \/ Cabinets \/ Countertops<\/option><option value=\"R\u00e9novation de salle de bains\/ armoires\/ comptoirs\">Renovation of bathroom \/ cabinets \/ counters<\/option><option value=\"R\u00e9novation de sous-sol\">Basement renovation<\/option><option value=\"Rev\u00eatement ext\u00e9rieur\">Siding<\/option><option value=\"Rev\u00eatement int\u00e9rieur\">Interior coating<\/option><option value=\"Sablage\">Sandblasting<\/option><option value=\"Solage\/ \u00c9tanchement\/ Imperm\u00e9abilisation\/ R\u00e9paration de fissures\">Soiling\/ Sealing\/ Waterproofing\/ Crack repair<\/option><option value=\"Syst\u00e8me d&#039;alarme\/ S\u00e9curit\u00e9\">Alarm system\/ Security<\/option><option value=\"Terassement\/ Jardinage\/ Arpentage\">Landscaping\/ Gardening\/ Surveying<\/option><option value=\"Toiture\/ Couverture\">Roof\/Cover<\/option><\/select><\/span> <\/label><\/p>\n<p><label> Activity area <span class=\"red\">*<\/span><\/label><br \/>\n<span class=\"wpcf7-form-control-wrap checkbox-860\"><span class=\"wpcf7-form-control wpcf7-checkbox wpcf7-validates-as-required areas\" id=\"menu_area\"><span class=\"wpcf7-list-item first\"><label><span class=\"wpcf7-list-item-label\">Residential<\/span><input type=\"checkbox\" name=\"checkbox-860[]\" value=\"R\u00e9sidentiel\" \/><\/label><\/span><span class=\"wpcf7-list-item\"><label><span class=\"wpcf7-list-item-label\">Commercial<\/span><input type=\"checkbox\" name=\"checkbox-860[]\" value=\"Commercial\" \/><\/label><\/span><span class=\"wpcf7-list-item last\"><label><span class=\"wpcf7-list-item-label\">Industrial<\/span><input type=\"checkbox\" name=\"checkbox-860[]\" value=\"Industriel\" \/><\/label><\/span><\/span><\/span> <\/p>\n<p><label> E-mail <span class=\"red\">*<\/span> <span class=\"wpcf7-form-control-wrap your-email\"><input type=\"email\" name=\"your-email\" value=\"\" size=\"40\" class=\"wpcf7-form-control wpcf7-text wpcf7-email wpcf7-validates-as-required wpcf7-validates-as-email\" aria-required=\"true\" aria-invalid=\"false\" \/><\/span><br \/>\n<\/label><\/p>\n<p><label> Phone <span class=\"red\">*<\/span><br \/>\n<span class=\"wpcf7-form-control-wrap tel-44\"><input type=\"tel\" name=\"tel-44\" value=\"\" size=\"40\" class=\"wpcf7-form-control wpcf7-text wpcf7-tel wpcf7-validates-as-required wpcf7-validates-as-tel\" aria-required=\"true\" aria-invalid=\"false\" \/><\/span><\/label><\/p>\n<p><label> RBQ <span class=\"red\">*<\/span> <span style=\"font-size:small\">(Put 1 if not applicable)<\/span><br \/>\n<a target=\"_blank\" href=\"https:\/\/www.rbq.gouv.qc.ca\/licence\/savoir-si-une-licence-est-requise\/travaux-ne-necessitant-pas-de-licence.html\">List of services that do not require an RBQ license<\/a><br \/>\n    <span class=\"wpcf7-form-control-wrap rbq\"><input type=\"text\" name=\"rbq\" value=\"\" size=\"40\" class=\"wpcf7-form-control wpcf7-text wpcf7-validates-as-required\" aria-required=\"true\" aria-invalid=\"false\" \/><\/span> <\/label><\/p>\n<p><label> NEQ <span class=\"red\">*<\/span><br \/>\n    <span class=\"wpcf7-form-control-wrap neq\"><input type=\"text\" name=\"neq\" value=\"\" size=\"40\" class=\"wpcf7-form-control wpcf7-text wpcf7-validates-as-required\" aria-required=\"true\" aria-invalid=\"false\" \/><\/span> <\/label><\/p>\n<p><label> Postal code <span class=\"red\">*<\/span><br \/>\n    <span class=\"wpcf7-form-control-wrap codepostal\"><input type=\"text\" name=\"codepostal\" value=\"\" size=\"40\" class=\"wpcf7-form-control wpcf7-text wpcf7-validates-as-required\" aria-required=\"true\" aria-invalid=\"false\" \/><\/span> <\/label><\/p>\n<p><input type=\"submit\" value=\"Submit\" class=\"wpcf7-form-control wpcf7-submit\" \/><\/p>\n<div class=\"wpcf7-response-output\" aria-hidden=\"true\"><\/div><input type=\"hidden\" name=\"trp-form-language\" value=\"en\"\/><\/form><\/div>\n\n\n\n<div class=\"wp-block-buttons is-layout-flex\"><\/div>","protected":false},"excerpt":{"rendered":"<p>D\u00e9veloppez votre entreprise avec des opportunit\u00e9s exclusives ! Devenez partenaire et profitez de nombreux avantages pour faire grandir votre entreprise. Acc\u00e9dez \u00e0 des projets exclusifs publi\u00e9s par des propri\u00e9taires pr\u00eats \u00e0 collaborer ! \u2705 Recevez des prospects cibl\u00e9s : des propri\u00e9taires ayant des projets de r\u00e9novation \u00e0 faire r\u00e9aliser et qui ont d\u00e9j\u00e0 exprim\u00e9 leur [&hellip;]<\/p>","protected":false},"author":1,"featured_media":153,"parent":0,"menu_order":0,"comment_status":"closed","ping_status":"closed","template":"","meta":[],"_links":{"self":[{"href":"https:\/\/renobec.ca\/home\/en\/wp-json\/wp\/v2\/pages\/152"}],"collection":[{"href":"https:\/\/renobec.ca\/home\/en\/wp-json\/wp\/v2\/pages"}],"about":[{"href":"https:\/\/renobec.ca\/home\/en\/wp-json\/wp\/v2\/types\/page"}],"author":[{"embeddable":true,"href":"https:\/\/renobec.ca\/home\/en\/wp-json\/wp\/v2\/users\/1"}],"replies":[{"embeddable":true,"href":"https:\/\/renobec.ca\/home\/en\/wp-json\/wp\/v2\/comments?post=152"}],"version-history":[{"count":66,"href":"https:\/\/renobec.ca\/home\/en\/wp-json\/wp\/v2\/pages\/152\/revisions"}],"predecessor-version":[{"id":1548,"href":"https:\/\/renobec.ca\/home\/en\/wp-json\/wp\/v2\/pages\/152\/revisions\/1548"}],"wp:featuredmedia":[{"embeddable":true,"href":"https:\/\/renobec.ca\/home\/en\/wp-json\/wp\/v2\/media\/153"}],"wp:attachment":[{"href":"https:\/\/renobec.ca\/home\/en\/wp-json\/wp\/v2\/media?parent=152"}],"curies":[{"name":"wp","href":"https:\/\/api.w.org\/{rel}","templated":true}]}}