{"id":1651,"date":"2026-03-13T03:31:30","date_gmt":"2026-03-13T07:31:30","guid":{"rendered":"https:\/\/renobec.ca\/home\/?page_id=1651"},"modified":"2026-03-13T03:58:00","modified_gmt":"2026-03-13T07:58:00","slug":"a-propos","status":"publish","type":"page","link":"https:\/\/renobec.ca\/home\/en\/a-propos\/","title":{"rendered":"About us"},"content":{"rendered":"<h2 class=\"wp-block-heading\"><strong><strong>R\u00e9nobec: The right contractor, at the right time, for the right project.<\/strong><\/strong><\/h2>\n\n\n\n<p>Renobec is a Quebec-based platform born from a simple vision: to simplify the connection between discerning homeowners and the most qualified construction professionals. More than just a middleman, we act as a strategic partner to guarantee the success of every project.<\/p>\n\n\n\n<h3 class=\"wp-block-heading\"><strong>A Human Approach Powered by Smart Technology<\/strong><\/h3>\n\n\n\n<p>At R\u00e9nobec, we believe that a successful project starts with the right match. That\u2019s why we offer more than just a directory; we provide an intelligent pairing system. Whether you are a homeowner looking to secure a complex renovation or a contractor aiming to optimize your schedule, our platform analyzes technical requirements, service areas, and specialties to create the perfect connection.<\/p>\n\n\n\n<h3 class=\"wp-block-heading\"><strong>Our Commitment<\/strong><\/h3>\n\n\n\n<p>For homeowners, it\u2019s the peace of mind that comes with finding a trusted expert. For contractors, it\u2019s the assurance of receiving business opportunities that match their talent and expertise.<\/p>\n\n\n\n<p><\/p>","protected":false},"excerpt":{"rendered":"<p>R\u00e9nobec : Le bon entrepreneur, au bon moment, pour le bon projet. R\u00e9nobec est une plateforme qu\u00e9b\u00e9coise n\u00e9e d&rsquo;une vision simple : simplifier la rencontre entre les propri\u00e9taires exigeants et les professionnels de la construction les plus qualifi\u00e9s. Plus qu&rsquo;un simple interm\u00e9diaire, nous agissons comme un partenaire strat\u00e9gique pour garantir le succ\u00e8s de chaque chantier. [&hellip;]<\/p>","protected":false},"author":1,"featured_media":0,"parent":0,"menu_order":0,"comment_status":"closed","ping_status":"closed","template":"","meta":[],"_links":{"self":[{"href":"https:\/\/renobec.ca\/home\/en\/wp-json\/wp\/v2\/pages\/1651"}],"collection":[{"href":"https:\/\/renobec.ca\/home\/en\/wp-json\/wp\/v2\/pages"}],"about":[{"href":"https:\/\/renobec.ca\/home\/en\/wp-json\/wp\/v2\/types\/page"}],"author":[{"embeddable":true,"href":"https:\/\/renobec.ca\/home\/en\/wp-json\/wp\/v2\/users\/1"}],"replies":[{"embeddable":true,"href":"https:\/\/renobec.ca\/home\/en\/wp-json\/wp\/v2\/comments?post=1651"}],"version-history":[{"count":6,"href":"https:\/\/renobec.ca\/home\/en\/wp-json\/wp\/v2\/pages\/1651\/revisions"}],"predecessor-version":[{"id":1659,"href":"https:\/\/renobec.ca\/home\/en\/wp-json\/wp\/v2\/pages\/1651\/revisions\/1659"}],"wp:attachment":[{"href":"https:\/\/renobec.ca\/home\/en\/wp-json\/wp\/v2\/media?parent=1651"}],"curies":[{"name":"wp","href":"https:\/\/api.w.org\/{rel}","templated":true}]}}