{"id":202,"date":"2021-09-27T18:01:24","date_gmt":"2021-09-27T18:01:24","guid":{"rendered":"https:\/\/renobec.ca\/home\/?page_id=202"},"modified":"2025-12-16T14:50:12","modified_gmt":"2025-12-16T19:50:12","slug":"faq","status":"publish","type":"page","link":"https:\/\/renobec.ca\/home\/en\/faq\/","title":{"rendered":"F.A.Q"},"content":{"rendered":"<h1 class=\"wp-block-heading\">Frequently asked questions<\/h1>\n\n\n\n<p>You will find the answers to most of your questions here. If however you need more details then contact us through our form in the section <a href=\"https:\/\/renobec.ca\/home\/en\/nous-joindre\/\">\"Contact us\"<\/a>.<\/p>\n\n\n\n<div class=\"wp-block-buttons is-layout-flex\">\n<div class=\"wp-block-button is-style-fill\"><a class=\"wp-block-button__link has-vivid-cyan-blue-background-color has-background wp-element-button\" href=\"https:\/\/renobec.ca\/home\/en\/proprietaires\/\" style=\"border-radius:30px\">HOMEOWNERS F.A.Q<\/a><\/div>\n<\/div>\n\n\n\n<div class=\"wp-block-buttons is-layout-flex\">\n<div class=\"wp-block-button\"><a class=\"wp-block-button__link has-background wp-element-button\" href=\"https:\/\/renobec.ca\/home\/en\/faq-entrepreneurs\/\" style=\"border-radius:30px;background-color:#1d3d76\">CONTRACTORS F.A.Q<\/a><\/div>\n<\/div>\n\n\n\n<div class=\"wp-block-buttons is-layout-flex\">\n<div class=\"wp-block-button\"><a class=\"wp-block-button__link has-cyan-bluish-gray-background-color has-background wp-element-button\" style=\"border-radius:30px\">F.A.Q CHERCHEURS D&rsquo;EMPLOI<\/a><\/div>\n<\/div>","protected":false},"excerpt":{"rendered":"<p>Foire aux questions Vous trouverez les r\u00e9ponses \u00e0 la plupart de vos questions ici. Si toutefois vous avez besoins de plus de d\u00e9tails alors contactez-nous par le biais de notre formulaire dans la section &laquo; Nous Joindre &raquo;.<\/p>","protected":false},"author":1,"featured_media":0,"parent":0,"menu_order":0,"comment_status":"closed","ping_status":"closed","template":"","meta":[],"_links":{"self":[{"href":"https:\/\/renobec.ca\/home\/en\/wp-json\/wp\/v2\/pages\/202"}],"collection":[{"href":"https:\/\/renobec.ca\/home\/en\/wp-json\/wp\/v2\/pages"}],"about":[{"href":"https:\/\/renobec.ca\/home\/en\/wp-json\/wp\/v2\/types\/page"}],"author":[{"embeddable":true,"href":"https:\/\/renobec.ca\/home\/en\/wp-json\/wp\/v2\/users\/1"}],"replies":[{"embeddable":true,"href":"https:\/\/renobec.ca\/home\/en\/wp-json\/wp\/v2\/comments?post=202"}],"version-history":[{"count":24,"href":"https:\/\/renobec.ca\/home\/en\/wp-json\/wp\/v2\/pages\/202\/revisions"}],"predecessor-version":[{"id":1491,"href":"https:\/\/renobec.ca\/home\/en\/wp-json\/wp\/v2\/pages\/202\/revisions\/1491"}],"wp:attachment":[{"href":"https:\/\/renobec.ca\/home\/en\/wp-json\/wp\/v2\/media?parent=202"}],"curies":[{"name":"wp","href":"https:\/\/api.w.org\/{rel}","templated":true}]}}