{"id":211,"date":"2021-09-27T19:29:31","date_gmt":"2021-09-27T19:29:31","guid":{"rendered":"https:\/\/renobec.ca\/home\/?page_id=211"},"modified":"2025-05-21T21:45:51","modified_gmt":"2025-05-22T01:45:51","slug":"proprietaires","status":"publish","type":"page","link":"https:\/\/renobec.ca\/home\/en\/proprietaires\/","title":{"rendered":"HOMEOWNERS F.A.Q"},"content":{"rendered":"<h1 class=\"wp-block-heading\">HOMEOWNERS F.A.Q<\/h1>\n\n\n\n<figure id=\"tablefaq\" class=\"wp-block-table is-style-stripes has-medium-font-size\"><table class=\"has-vivid-cyan-blue-color has-cyan-bluish-gray-background-color has-text-color has-background\"><tbody><tr><td>1<\/td><td>Q. What is the cost of the service?<br>A. It's free!<\/td><td><\/td><\/tr><tr><td><\/td><td><\/td><td><\/td><\/tr><tr><td>2<\/td><td>Q. What areas are served?<br>A. All regions of the province of Quebec.<\/td><td><\/td><\/tr><tr><td><\/td><td><\/td><td><\/td><\/tr><tr><td>3<\/td><td>Q. How do I proceed when a contractor applies to my project?<br>A. By applying for the project, the contractor receives your contact information, namely your name, telephone number and email address. In his response, the contractor offers you an appointment to estimate your work. Be sure to check out his profile page, it will appear in your \u201cFavorites\u201d in the Joby application.<\/td><td><\/td><\/tr><tr><td><\/td><td><\/td><td><\/td><\/tr><tr><td>4<\/td><td>Q. How do I know if I received a response from a contractor?<br>A. A new message will be waiting for you in your mailbox the next time you log in. Also, if you have subscribed to alerts, a notification will be sent to you by email.<\/td><td><\/td><\/tr><tr><td><\/td><td><\/td><td><\/td><\/tr><tr><td>5<\/td><td>Q. How many projects can I publish at the same time?<br>A. A maximum of 3 projects at a time.<\/td><td><\/td><\/tr><tr><td><\/td><td><\/td><td><\/td><\/tr><tr><td>6<\/td><td>Q. How long does a project appear on the site?<br>A. Projects are posted for a maximum of 60 days. Their posting therefore ends at that time, when 3 contractors respond to the project or if the homeowner decides to no longer post the project.<\/td><td><\/td><\/tr><tr><td><\/td><td><\/td><td><\/td><\/tr><tr><td>7<\/td><td>Q. Comment puis-je \u00eatre assur\u00e9 que vos partenaires-entrepreneurs soient en r\u00e8gle?<br>R. Nous nous assurons que nos partenaires soient enregistr\u00e9s avec les diff\u00e9rents organismes n\u00e9cessaires \u00e0 la l\u00e9gitim\u00e9 de leurs diff\u00e9rentes prestations de services. <\/td><td><\/td><\/tr><\/tbody><\/table><\/figure>\n\n\n\n<p><\/p>\n\n\n\n<p><\/p>","protected":false},"excerpt":{"rendered":"<p>F.A.Q PROPRI\u00c9TAIRES 1 Q. Quel est le co\u00fbt du service?R. C\u2019est gratuit! 2 Q. Quelles sont les r\u00e9gions desservies?R. Toute les r\u00e9gions de la province du Qu\u00e9bec. 3 Q. Comment proc\u00e9der lorsqu\u2019un entrepreneur applique sur mon projet?R. En appliquant sur le projet, l\u2019entrepreneur re\u00e7oit vos informations de contact soit vos nom, num\u00e9ro de t\u00e9l\u00e9phone et [&hellip;]<\/p>","protected":false},"author":1,"featured_media":0,"parent":0,"menu_order":0,"comment_status":"closed","ping_status":"closed","template":"","meta":[],"_links":{"self":[{"href":"https:\/\/renobec.ca\/home\/en\/wp-json\/wp\/v2\/pages\/211"}],"collection":[{"href":"https:\/\/renobec.ca\/home\/en\/wp-json\/wp\/v2\/pages"}],"about":[{"href":"https:\/\/renobec.ca\/home\/en\/wp-json\/wp\/v2\/types\/page"}],"author":[{"embeddable":true,"href":"https:\/\/renobec.ca\/home\/en\/wp-json\/wp\/v2\/users\/1"}],"replies":[{"embeddable":true,"href":"https:\/\/renobec.ca\/home\/en\/wp-json\/wp\/v2\/comments?post=211"}],"version-history":[{"count":27,"href":"https:\/\/renobec.ca\/home\/en\/wp-json\/wp\/v2\/pages\/211\/revisions"}],"predecessor-version":[{"id":1238,"href":"https:\/\/renobec.ca\/home\/en\/wp-json\/wp\/v2\/pages\/211\/revisions\/1238"}],"wp:attachment":[{"href":"https:\/\/renobec.ca\/home\/en\/wp-json\/wp\/v2\/media?parent=211"}],"curies":[{"name":"wp","href":"https:\/\/api.w.org\/{rel}","templated":true}]}}