{"id":218,"date":"2021-09-27T21:05:29","date_gmt":"2021-09-27T21:05:29","guid":{"rendered":"https:\/\/renobec.ca\/home\/?page_id=218"},"modified":"2025-05-21T21:00:23","modified_gmt":"2025-05-22T01:00:23","slug":"faq-entrepreneurs","status":"publish","type":"page","link":"https:\/\/renobec.ca\/home\/en\/faq-entrepreneurs\/","title":{"rendered":"CONTRACTORS F.A.Q"},"content":{"rendered":"<h1 class=\"wp-block-heading\">CONTRACTORS F.A.Q<\/h1>\n\n\n\n<figure id=\"tablefaq\" class=\"wp-block-table is-style-stripes has-medium-font-size\"><table class=\"has-vivid-cyan-blue-color has-cyan-bluish-gray-background-color has-text-color has-background\"><tbody><tr><td>1<\/td><td>Q. Are there membership fees?<br>A. There are no membership fees, however you must subscribe or purchase tokens to use certain features of the platform.<\/td><\/tr><tr><td><\/td><td><\/td><\/tr><tr><td>2<\/td><td>Q. How many services can I offer in my profile?<br>A. You can offer a maximum of 10 services at a time. If, however, you do not have an RBQ license and the type of service you offer falls within the RBQ exclusions, then you will only be able to offer that service.<\/td><\/tr><tr><td><\/td><td><\/td><\/tr><tr><td>3<\/td><td>Q. How do I become a R\u00e9nobec partner?<br>A. Just follow the following link,&nbsp;<a href=\"https:\/\/renobec.ca\/home\/en\/devenir-partenaire\/\">Complete the document<\/a>&nbsp;and we will contact you.<\/td><\/tr><tr><td><\/td><td><\/td><\/tr><tr><td>4<\/td><td>Q. How do I know if there are projects available for me?<br>A. The projects that you are able to undertake appear in the \"project\" section of your contractor account.<\/td><\/tr><tr><td><\/td><td><\/td><\/tr><tr><td>5<\/td><td>Q. Do I get notified when a project is available?<br>A. Contractors receive a message indicating the availability of a new project within a 100 km radius, if they offer such a service. An email is also sent.<\/td><\/tr><tr><td><\/td><td><\/td><\/tr><tr><td>6<\/td><td>Q. How do I apply on a project?<br>A. Are you interested in a project? You can, against the number of credit tokens indicated, apply to this project. This is an opportunity to stand out and possibly win the contract. You can also buy a plan that allows you to apply on all the projects that interest you. <a href=\"https:\/\/renobec.ca\/home\/en\/fonctionnement\/\">Learn more about how it works.<\/a><\/td><\/tr><tr><td><\/td><td><\/td><\/tr><tr><td>7<\/td><td>Q. How do I get credit tokens or purchase a plan to apply for projects or post job offers?<br>A. Credit tokens and plans can be purchased at the R\u00e9nobec store available from your contractor account.<\/td><\/tr><tr><td><\/td><td><\/td><\/tr><tr><td>8 <\/td><td>Q. How can I post a job offer or access the candidate database?<br>A. From your contractor account, access the \u201cJob Offer Manager\u201d to publish a job offer or access the \u201cCandidate database\u201d to view the list of candidates in the main menu.<\/td><\/tr><\/tbody><\/table><\/figure>\n\n\n\n<p><a href=\"https:\/\/renobec.ca\/home\/en\/credits-et-forfaits\/\">How to get credit tokens or buy plans?<\/a><\/p>\n\n\n\n<div class=\"wp-block-buttons is-layout-flex\">\n<div class=\"wp-block-button\"><a class=\"wp-block-button__link has-vivid-cyan-blue-background-color has-background wp-element-button\" href=\"https:\/\/renobec.ca\/home\/en\/proprietaires\/\">HOMEOWNERS F.A.Q<\/a><\/div>\n<\/div>","protected":false},"excerpt":{"rendered":"<p>F.A.Q ENTREPRENEURS 1 Q. Y a t-il des frais d&rsquo;adh\u00e9sion?R. Il n&rsquo;y a aucun frais d&rsquo;adh\u00e9sion cependant vous devez souscrire \u00e0 un abonnement ou vous procurer des jetons pour utiliser certaines fonctions de la plateforme. 2 Q. Combien de services puis-je offrir dans mon profil?R. Vous pouvez offrir un maximum de 10 services \u00e0 la [&hellip;]<\/p>","protected":false},"author":1,"featured_media":0,"parent":0,"menu_order":0,"comment_status":"closed","ping_status":"closed","template":"","meta":[],"_links":{"self":[{"href":"https:\/\/renobec.ca\/home\/en\/wp-json\/wp\/v2\/pages\/218"}],"collection":[{"href":"https:\/\/renobec.ca\/home\/en\/wp-json\/wp\/v2\/pages"}],"about":[{"href":"https:\/\/renobec.ca\/home\/en\/wp-json\/wp\/v2\/types\/page"}],"author":[{"embeddable":true,"href":"https:\/\/renobec.ca\/home\/en\/wp-json\/wp\/v2\/users\/1"}],"replies":[{"embeddable":true,"href":"https:\/\/renobec.ca\/home\/en\/wp-json\/wp\/v2\/comments?post=218"}],"version-history":[{"count":37,"href":"https:\/\/renobec.ca\/home\/en\/wp-json\/wp\/v2\/pages\/218\/revisions"}],"predecessor-version":[{"id":1227,"href":"https:\/\/renobec.ca\/home\/en\/wp-json\/wp\/v2\/pages\/218\/revisions\/1227"}],"wp:attachment":[{"href":"https:\/\/renobec.ca\/home\/en\/wp-json\/wp\/v2\/media?parent=218"}],"curies":[{"name":"wp","href":"https:\/\/api.w.org\/{rel}","templated":true}]}}