{"id":248,"date":"2021-09-28T05:29:59","date_gmt":"2021-09-28T05:29:59","guid":{"rendered":"https:\/\/renobec.ca\/home\/?page_id=248"},"modified":"2025-12-16T14:48:56","modified_gmt":"2025-12-16T19:48:56","slug":"comment-ca-fonctionne","status":"publish","type":"page","link":"https:\/\/renobec.ca\/home\/en\/comment-ca-fonctionne\/","title":{"rendered":"How it works"},"content":{"rendered":"<h1 class=\"wp-block-heading\">Post your projects and get answers in 3 steps!<\/h1>\n\n\n\n<figure class=\"wp-block-image size-large is-resized is-style-default\"><img decoding=\"async\" loading=\"lazy\" src=\"https:\/\/renobec.ca\/home\/wp-content\/uploads\/2023\/12\/newpromosite-en.png\" alt=\"\" class=\"wp-image-576\" width=\"505\" height=\"252\" srcset=\"\" sizes=\"(max-width: 505px) 100vw, 505px\" data-srcset=\"\" \/><\/figure>\n\n\n\n<h2 class=\"wp-block-heading\" id=\"publiez\">1- Post your project details<\/h2>\n\n\n\n<figure class=\"wp-block-image size-full is-style-rounded\"><img decoding=\"async\" loading=\"lazy\" width=\"343\" height=\"289\" src=\"https:\/\/renobec.ca\/home\/wp-content\/uploads\/2021\/09\/publiez_image.png\" alt=\"\" class=\"wp-image-262\" srcset=\"https:\/\/renobec.ca\/home\/wp-content\/uploads\/2021\/09\/publiez_image.png 343w, https:\/\/renobec.ca\/home\/wp-content\/uploads\/2021\/09\/publiez_image-300x253.png 300w\" sizes=\"(max-width: 343px) 100vw, 343px\" \/><\/figure>\n\n\n\n<p>Submit your renovation project through our form: <a href=\"https:\/\/renobec.ca\/home\/en\/publier-un-projet\/\" data-type=\"page\" data-id=\"192\">Post a project<\/a>. Give as much detail as possible about the nature of the work to be done.<\/p>\n\n\n\n<div class=\"wp-block-buttons is-layout-flex\">\n<div class=\"wp-block-button has-custom-font-size is-style-outline has-medium-font-size\" style=\"font-style:normal;font-weight:600\"><a class=\"wp-block-button__link has-white-color has-text-color has-background wp-element-button\" href=\"https:\/\/renobec.ca\/home\/en\/publier-maintenant\/\" style=\"border-radius:10px;background-color:#1d3d76\">Post a project<\/a><\/div>\n<\/div>\n\n\n\n<h2 class=\"wp-block-heading\" id=\"recevez\">2- Receive applications<\/h2>\n\n\n\n<figure class=\"wp-block-image size-full is-style-rounded\"><img decoding=\"async\" loading=\"lazy\" width=\"328\" height=\"291\" src=\"https:\/\/renobec.ca\/home\/wp-content\/uploads\/2021\/09\/recevez_image.png\" alt=\"\" class=\"wp-image-263\" srcset=\"https:\/\/renobec.ca\/home\/wp-content\/uploads\/2021\/09\/recevez_image.png 328w, https:\/\/renobec.ca\/home\/wp-content\/uploads\/2021\/09\/recevez_image-300x266.png 300w\" sizes=\"(max-width: 328px) 100vw, 328px\" \/><\/figure>\n\n\n\n<p>We will share your project with our many partners-contractors based in your region and with the necessary qualifications required for your project. A maximum of 3 partner-contractors could contact you in order to be able to evaluate the work to be undertaken and write you a quote. Do not hesitate to consult their profiles.<\/p>\n\n\n\n<h2 class=\"wp-block-heading\" id=\"choisissez\">3- Choose your contractor<\/h2>\n\n\n\n<figure class=\"wp-block-image size-full is-style-rounded\"><img decoding=\"async\" loading=\"lazy\" width=\"342\" height=\"290\" src=\"https:\/\/renobec.ca\/home\/wp-content\/uploads\/2021\/09\/choisissez_image.png\" alt=\"\" class=\"wp-image-264\" srcset=\"https:\/\/renobec.ca\/home\/wp-content\/uploads\/2021\/09\/choisissez_image.png 342w, https:\/\/renobec.ca\/home\/wp-content\/uploads\/2021\/09\/choisissez_image-300x254.png 300w\" sizes=\"(max-width: 342px) 100vw, 342px\" \/><\/figure>\n\n\n\n<p>Evaluate the quotes received and make your choice without constraints. You can then contact your contractor and move forward with the realization of your project!<\/p>","protected":false},"excerpt":{"rendered":"<p>Publiez vos projets et obtenez des r\u00e9ponses en 3 \u00e9tapes! 1- Publiez les d\u00e9tails de votre projet Soumettez-nous votre projet de construction r\u00e9novation par le biais de notre formulaire: Publiez un projet. Donnez le plus de d\u00e9tails possibles quant \u00e0 la nature des travaux \u00e0 r\u00e9aliser. 2- Recevez des applications Nous partagerons votre projet avec [&hellip;]<\/p>","protected":false},"author":1,"featured_media":0,"parent":0,"menu_order":0,"comment_status":"closed","ping_status":"closed","template":"","meta":[],"_links":{"self":[{"href":"https:\/\/renobec.ca\/home\/en\/wp-json\/wp\/v2\/pages\/248"}],"collection":[{"href":"https:\/\/renobec.ca\/home\/en\/wp-json\/wp\/v2\/pages"}],"about":[{"href":"https:\/\/renobec.ca\/home\/en\/wp-json\/wp\/v2\/types\/page"}],"author":[{"embeddable":true,"href":"https:\/\/renobec.ca\/home\/en\/wp-json\/wp\/v2\/users\/1"}],"replies":[{"embeddable":true,"href":"https:\/\/renobec.ca\/home\/en\/wp-json\/wp\/v2\/comments?post=248"}],"version-history":[{"count":25,"href":"https:\/\/renobec.ca\/home\/en\/wp-json\/wp\/v2\/pages\/248\/revisions"}],"predecessor-version":[{"id":1490,"href":"https:\/\/renobec.ca\/home\/en\/wp-json\/wp\/v2\/pages\/248\/revisions\/1490"}],"wp:attachment":[{"href":"https:\/\/renobec.ca\/home\/en\/wp-json\/wp\/v2\/media?parent=248"}],"curies":[{"name":"wp","href":"https:\/\/api.w.org\/{rel}","templated":true}]}}