{"id":429,"date":"2021-11-04T04:07:09","date_gmt":"2021-11-04T04:07:09","guid":{"rendered":"https:\/\/renobec.ca\/home\/?page_id=429"},"modified":"2025-05-04T13:36:51","modified_gmt":"2025-05-04T17:36:51","slug":"credits-et-forfaits","status":"publish","type":"page","link":"https:\/\/renobec.ca\/home\/en\/credits-et-forfaits\/","title":{"rendered":"Credit tokens and plans"},"content":{"rendered":"<h2 class=\"wp-block-heading\" id=\"jetons-credits-renobec\"><strong>Renobec Credit Tokens<\/strong><\/h2>\n\n\n\n<figure class=\"wp-block-image size-large is-resized\"><img decoding=\"async\" loading=\"lazy\" src=\"https:\/\/renobec.ca\/home\/wp-content\/uploads\/2021\/11\/25credits-2021-2-669x1024.png\" alt=\"\" class=\"wp-image-422\" width=\"167\" height=\"254\"\/><\/figure>\n\n\n\n<p>R\u00e9nobec uses a system of digital tokens required to participate in certain activities on its platform. One of these activities is applying to on projects.<\/p>\n\n\n\n<p>For example, you want to apply for a project and this project costs 15 tokens. So you will need to have those 15 tokens to apply to the project.<\/p>\n\n\n\n<h2 class=\"wp-block-heading\" id=\"activites-necessitant-des-jetons-credits\"><strong>Activities requiring credit tokens.<\/strong><\/h2>\n\n\n\n<ul>\n<li>Apply on projects<\/li>\n\n\n\n<li>Post a job offer<\/li>\n<\/ul>\n\n\n\n<h2 class=\"wp-block-heading\" id=\"comment-obtenir-des-jetons-credits\"><strong>How do to obtain credit tokens or buy plans?<\/strong><\/h2>\n\n\n\n<p><strong>Renobec Store<\/strong>: The fastest way is to connect to the R\u00e9nobec store accessible from your account and buy a block of tokens. The credit tokens purchased are a form of currency that allows you to apply to projects, if necessary, without having to purchase a traditional plan. <\/p>\n\n\n\n<h2 class=\"wp-block-heading\" id=\"forfaits\"><strong>Plans  <\/strong><\/h2>\n\n\n\n<p>Contractors can subscribe to plans, which eliminates the need to purchase and spend credit tokens to apply to projects. Plans are ideal for contractors who want to focus on applying regularly and without delay to the projects that interest them. <\/p>\n\n\n\n<p>To receive Marketing Leads, you must subscribe to a plan.<\/p>\n\n\n\n<p>The plans are for 3 months and 1 year and can be purchased at the R\u00e9nobec store.<\/p>\n\n\n\n<p><a href=\"https:\/\/renobec.ca\/home\/en\/boutique-renobec\/\">Learn more about the Store<\/a><\/p>","protected":false},"excerpt":{"rendered":"<p>Jetons-cr\u00e9dits R\u00e9nobec R\u00e9nobec utilise un syst\u00e8me de jetons num\u00e9riques n\u00e9cessaires pour participer \u00e0 certaines activit\u00e9s sur sa plateforme. L\u2019une de ces activit\u00e9s est d&rsquo;appliquer sur des projets. Par exemple, vous d\u00e9sirez appliquer sur un projet et ce projet est au co\u00fbt de 15 jetons. Alors vous devrez avoir ces 15 jetons pour appliquer sur le [&hellip;]<\/p>","protected":false},"author":1,"featured_media":0,"parent":0,"menu_order":0,"comment_status":"closed","ping_status":"closed","template":"","meta":[],"_links":{"self":[{"href":"https:\/\/renobec.ca\/home\/en\/wp-json\/wp\/v2\/pages\/429"}],"collection":[{"href":"https:\/\/renobec.ca\/home\/en\/wp-json\/wp\/v2\/pages"}],"about":[{"href":"https:\/\/renobec.ca\/home\/en\/wp-json\/wp\/v2\/types\/page"}],"author":[{"embeddable":true,"href":"https:\/\/renobec.ca\/home\/en\/wp-json\/wp\/v2\/users\/1"}],"replies":[{"embeddable":true,"href":"https:\/\/renobec.ca\/home\/en\/wp-json\/wp\/v2\/comments?post=429"}],"version-history":[{"count":28,"href":"https:\/\/renobec.ca\/home\/en\/wp-json\/wp\/v2\/pages\/429\/revisions"}],"predecessor-version":[{"id":1206,"href":"https:\/\/renobec.ca\/home\/en\/wp-json\/wp\/v2\/pages\/429\/revisions\/1206"}],"wp:attachment":[{"href":"https:\/\/renobec.ca\/home\/en\/wp-json\/wp\/v2\/media?parent=429"}],"curies":[{"name":"wp","href":"https:\/\/api.w.org\/{rel}","templated":true}]}}