{"id":435,"date":"2021-11-04T22:52:12","date_gmt":"2021-11-04T22:52:12","guid":{"rendered":"https:\/\/renobec.ca\/home\/?page_id=435"},"modified":"2025-11-17T11:51:29","modified_gmt":"2025-11-17T16:51:29","slug":"boutique-renobec","status":"publish","type":"page","link":"https:\/\/renobec.ca\/home\/en\/boutique-renobec\/","title":{"rendered":"Renobec Store"},"content":{"rendered":"<h2 class=\"wp-block-heading\">Renobec Store<\/h2>\n\n\n\n<p>R\u00e9nobec provides an online store accessible at <a href=\"https:\/\/renobec.ca\/home\/en\/boutique\/\"><a href=\"https:\/\/renobec.ca\/boutique\">https:\/\/renobec.ca\/boutique<\/a><\/a><\/p>\n\n\n\n<p>Only our partner-contractors can connect to the store and buy products.<\/p>\n\n\n\n<p>Indeed, log in to your contractor account from the<a href=\"https:\/\/renobec.ca\/home\/en\/login.php\/\"><a href=\"https:\/\/renobec.ca\/login?login_lang=EN\"> Members area<\/a><\/a> and go to the store.<\/p>\n\n\n\n<p>Your postal address must be duly completed in your contractor account to access the store.<\/p>\n\n\n\n<p>You cannot log in to the R\u00e9nobec store during the promotion period or while having an active plan.<\/p>\n\n\n\n<p>Payments are made with PayPal services or by Interac e-Transfer.<\/p>\n\n\n\n<h4 class=\"wp-block-heading\">PAYPAL :<\/h4>\n\n\n\n<figure class=\"wp-block-image size-full is-resized\"><img decoding=\"async\" loading=\"lazy\" src=\"https:\/\/renobec.ca\/home\/wp-content\/uploads\/2024\/11\/Paypal_2014_logo.png\" alt=\"\" class=\"wp-image-998\" width=\"98\" height=\"97\" srcset=\"https:\/\/renobec.ca\/home\/wp-content\/uploads\/2024\/11\/Paypal_2014_logo.png 593w, https:\/\/renobec.ca\/home\/wp-content\/uploads\/2024\/11\/Paypal_2014_logo-300x296.png 300w, https:\/\/renobec.ca\/home\/wp-content\/uploads\/2024\/11\/Paypal_2014_logo-150x150.png 150w, https:\/\/renobec.ca\/home\/wp-content\/uploads\/2024\/11\/Paypal_2014_logo-12x12.png 12w\" sizes=\"(max-width: 98px) 100vw, 98px\" \/><\/figure>\n\n\n\n<p>When you use the services of PayPal, the receipt of funds is verified electronically and the products are delivered automatically.<\/p>\n\n\n\n<p><\/p>\n\n\n\n<h4 class=\"wp-block-heading\">Virement INTERAC :<\/h4>\n\n\n\n<figure class=\"wp-block-image size-full is-resized\"><img decoding=\"async\" loading=\"lazy\" src=\"https:\/\/renobec.ca\/home\/wp-content\/uploads\/2024\/11\/interac-virement_en.png\" alt=\"\" class=\"wp-image-999\" width=\"92\" height=\"115\" srcset=\"https:\/\/renobec.ca\/home\/wp-content\/uploads\/2024\/11\/interac-virement_fr.png 300w, https:\/\/renobec.ca\/home\/wp-content\/uploads\/2024\/11\/interac-virement_fr-239x300.png 239w, https:\/\/renobec.ca\/home\/wp-content\/uploads\/2024\/11\/interac-virement_fr-10x12.png 10w\" sizes=\"(max-width: 92px) 100vw, 92px\" \/><\/figure>\n\n\n\n<p>When using Interac services, the receipt of funds is manually checked, which may cause some delays in the delivery of your products. You will have to make your payment to paiements@renobec.ca. You must use your email address or telephone number on file. The secret answer: <strong>joby<\/strong><\/p>\n\n\n\n<p><\/p>\n\n\n\n<h2 class=\"wp-block-heading\">Store interface<\/h2>\n\n\n\n<figure class=\"wp-block-image size-large\"><img decoding=\"async\" loading=\"lazy\" width=\"1024\" height=\"601\" src=\"https:\/\/renobec.ca\/home\/wp-content\/uploads\/2021\/12\/boutique_screenshot-1024x601.png\" alt=\"\" class=\"wp-image-492\" srcset=\"https:\/\/renobec.ca\/home\/wp-content\/uploads\/2021\/12\/boutique_screenshot-1024x601.png 1024w, https:\/\/renobec.ca\/home\/wp-content\/uploads\/2021\/12\/boutique_screenshot-300x176.png 300w, https:\/\/renobec.ca\/home\/wp-content\/uploads\/2021\/12\/boutique_screenshot-768x451.png 768w, https:\/\/renobec.ca\/home\/wp-content\/uploads\/2021\/12\/boutique_screenshot.png 1196w\" sizes=\"(max-width: 1024px) 100vw, 1024px\" \/><\/figure>\n\n\n\n<h2 class=\"wp-block-heading\" id=\"quoi-acheter-sur-la-boutique\">What can be purchased on the store<\/h2>\n\n\n\n<p>The following products are available on the store:<\/p>\n\n\n\n<ul>\n<li>Credit tokens<\/li>\n\n\n\n<li>Quarterly and annual plans<\/li>\n<\/ul>\n\n\n\n<p><\/p>","protected":false},"excerpt":{"rendered":"<p>Boutique R\u00e9nobec R\u00e9nobec met \u00e0 disposition une boutique en ligne accessible au https:\/\/renobec.ca\/boutique Seul nos partenaires-entrepreneurs peuvent se connecter \u00e0 la boutique et y acheter des produits. En effet, connectez-vous \u00e0 votre compte entrepreneur depuis l&rsquo;espace membre et acc\u00e9dez \u00e0 la boutique. Votre adresse postale doit \u00eatre dument compl\u00e9t\u00e9e dans votre compte-entrepreneur pour acc\u00e9der \u00e0 [&hellip;]<\/p>","protected":false},"author":1,"featured_media":0,"parent":0,"menu_order":0,"comment_status":"closed","ping_status":"closed","template":"","meta":[],"_links":{"self":[{"href":"https:\/\/renobec.ca\/home\/en\/wp-json\/wp\/v2\/pages\/435"}],"collection":[{"href":"https:\/\/renobec.ca\/home\/en\/wp-json\/wp\/v2\/pages"}],"about":[{"href":"https:\/\/renobec.ca\/home\/en\/wp-json\/wp\/v2\/types\/page"}],"author":[{"embeddable":true,"href":"https:\/\/renobec.ca\/home\/en\/wp-json\/wp\/v2\/users\/1"}],"replies":[{"embeddable":true,"href":"https:\/\/renobec.ca\/home\/en\/wp-json\/wp\/v2\/comments?post=435"}],"version-history":[{"count":25,"href":"https:\/\/renobec.ca\/home\/en\/wp-json\/wp\/v2\/pages\/435\/revisions"}],"predecessor-version":[{"id":1314,"href":"https:\/\/renobec.ca\/home\/en\/wp-json\/wp\/v2\/pages\/435\/revisions\/1314"}],"wp:attachment":[{"href":"https:\/\/renobec.ca\/home\/en\/wp-json\/wp\/v2\/media?parent=435"}],"curies":[{"name":"wp","href":"https:\/\/api.w.org\/{rel}","templated":true}]}}