{"id":52,"date":"2021-09-18T19:05:47","date_gmt":"2021-09-18T19:05:47","guid":{"rendered":"https:\/\/renobec.ca\/home\/?page_id=52"},"modified":"2022-09-09T00:45:28","modified_gmt":"2022-09-09T04:45:28","slug":"emplois","status":"publish","type":"page","link":"https:\/\/renobec.ca\/home\/en\/emplois\/","title":{"rendered":"Jobs"},"content":{"rendered":"<h2 class=\"wp-block-heading\" id=\"nous-recherchons-a-pourvoir-les-postes-suivants\">We are looking to fill the following positions:<\/h2>\n\n\n\n<figure class=\"wp-block-image size-full\"><img decoding=\"async\" loading=\"lazy\" width=\"375\" height=\"251\" src=\"https:\/\/renobec.ca\/home\/wp-content\/uploads\/2021\/12\/rep.png\" alt=\"\" class=\"wp-image-506\" srcset=\"https:\/\/renobec.ca\/home\/wp-content\/uploads\/2021\/12\/rep.png 375w, https:\/\/renobec.ca\/home\/wp-content\/uploads\/2021\/12\/rep-300x201.png 300w\" sizes=\"(max-width: 375px) 100vw, 375px\" \/><\/figure>\n\n\n\n<p><a href=\"https:\/\/renobec.ca\/home\/en\/representant-a-la-vente\/\">Sales representative<\/a><\/p>\n\n\n\n<p><\/p>\n\n\n\n<p><\/p>","protected":false},"excerpt":{"rendered":"<p>Nous recherchons \u00e0 pourvoir les postes suivants: Repr\u00e9sentant \u00e0 la vente<\/p>","protected":false},"author":1,"featured_media":0,"parent":0,"menu_order":0,"comment_status":"closed","ping_status":"closed","template":"","meta":[],"_links":{"self":[{"href":"https:\/\/renobec.ca\/home\/en\/wp-json\/wp\/v2\/pages\/52"}],"collection":[{"href":"https:\/\/renobec.ca\/home\/en\/wp-json\/wp\/v2\/pages"}],"about":[{"href":"https:\/\/renobec.ca\/home\/en\/wp-json\/wp\/v2\/types\/page"}],"author":[{"embeddable":true,"href":"https:\/\/renobec.ca\/home\/en\/wp-json\/wp\/v2\/users\/1"}],"replies":[{"embeddable":true,"href":"https:\/\/renobec.ca\/home\/en\/wp-json\/wp\/v2\/comments?post=52"}],"version-history":[{"count":9,"href":"https:\/\/renobec.ca\/home\/en\/wp-json\/wp\/v2\/pages\/52\/revisions"}],"predecessor-version":[{"id":660,"href":"https:\/\/renobec.ca\/home\/en\/wp-json\/wp\/v2\/pages\/52\/revisions\/660"}],"wp:attachment":[{"href":"https:\/\/renobec.ca\/home\/en\/wp-json\/wp\/v2\/media?parent=52"}],"curies":[{"name":"wp","href":"https:\/\/api.w.org\/{rel}","templated":true}]}}