{"id":211,"date":"2021-09-27T19:29:31","date_gmt":"2021-09-27T19:29:31","guid":{"rendered":"https:\/\/renobec.ca\/home\/?page_id=211"},"modified":"2025-05-21T21:45:51","modified_gmt":"2025-05-22T01:45:51","slug":"proprietaires","status":"publish","type":"page","link":"https:\/\/renobec.ca\/home\/proprietaires\/","title":{"rendered":"F.A.Q PROPRI\u00c9TAIRES"},"content":{"rendered":"\n<h1 class=\"wp-block-heading\">F.A.Q PROPRI\u00c9TAIRES<\/h1>\n\n\n\n<figure id=\"tablefaq\" class=\"wp-block-table is-style-stripes has-medium-font-size\"><table class=\"has-vivid-cyan-blue-color has-cyan-bluish-gray-background-color has-text-color has-background\"><tbody><tr><td>1<\/td><td>Q. Quel est le co\u00fbt du service?<br>R. C\u2019est gratuit!<\/td><td><\/td><\/tr><tr><td><\/td><td><\/td><td><\/td><\/tr><tr><td>2<\/td><td>Q. Quelles sont les r\u00e9gions desservies?<br>R. Toute les r\u00e9gions de la province du Qu\u00e9bec.<\/td><td><\/td><\/tr><tr><td><\/td><td><\/td><td><\/td><\/tr><tr><td>3<\/td><td>Q. Comment proc\u00e9der lorsqu\u2019un entrepreneur applique sur mon projet?<br>R. En appliquant sur le projet, l\u2019entrepreneur re\u00e7oit vos informations de contact soit vos nom, num\u00e9ro de t\u00e9l\u00e9phone et adresse courriel. Dans sa r\u00e9ponse l\u2019entrepreneur vous propose un rendez-vous en vue de faire l\u2019estimation de vos travaux. N\u2019h\u00e9sitez pas \u00e0 consulter sa page de profil, elle appara\u00eetra dans vos &laquo; Favoris &raquo; dans l&rsquo;application Joby.<\/td><td><\/td><\/tr><tr><td><\/td><td><\/td><td><\/td><\/tr><tr><td>4<\/td><td>Q. Comment savoir si j\u2019ai re\u00e7u une r\u00e9ponse de la part d\u2019un entrepreneur?<br>R. Un nouveau message vous attendra, dans votre bo\u00eete de messagerie, lors de votre prochaine connexion. Aussi, si vous avez souscris aux alertes, une notification vous sera envoy\u00e9 par courriel.<\/td><td><\/td><\/tr><tr><td><\/td><td><\/td><td><\/td><\/tr><tr><td>5<\/td><td>Q. Combien de projets puis-je publier en m\u00eame temps?<br>R. Un maximum de 3 projets \u00e0 la fois.<\/td><td><\/td><\/tr><tr><td><\/td><td><\/td><td><\/td><\/tr><tr><td>6<\/td><td>Q. Combien de temps un projet parait-il sur le site?<br>R. Les projets sont affich\u00e9s pour un maximum de 60 jours. Leur affichage prend donc fin \u00e0 \u00e9ch\u00e9anche, lorsque 3 entrepreneurs r\u00e9pondent au projet ou si le propri\u00e9taire d\u00e9cide de ne plus afficher le projet.<\/td><td><\/td><\/tr><tr><td><\/td><td><\/td><td><\/td><\/tr><tr><td>7<\/td><td>Q. Comment puis-je \u00eatre assur\u00e9 que vos partenaires-entrepreneurs soient en r\u00e8gle?<br>R. Nous nous assurons que nos partenaires soient enregistr\u00e9s avec les diff\u00e9rents organismes n\u00e9cessaires \u00e0 la l\u00e9gitim\u00e9 de leurs diff\u00e9rentes prestations de services. <\/td><td><\/td><\/tr><\/tbody><\/table><\/figure>\n\n\n\n<p><\/p>\n\n\n\n<p><\/p>\n","protected":false},"excerpt":{"rendered":"<p>F.A.Q PROPRI\u00c9TAIRES 1 Q. Quel est le co\u00fbt du service?R. C\u2019est gratuit! 2 Q. Quelles sont les r\u00e9gions desservies?R. Toute les r\u00e9gions de la province du Qu\u00e9bec. 3 Q. Comment proc\u00e9der lorsqu\u2019un entrepreneur applique sur mon projet?R. En appliquant sur le projet, l\u2019entrepreneur re\u00e7oit vos informations de contact soit vos nom, num\u00e9ro de t\u00e9l\u00e9phone et [&hellip;]<\/p>\n","protected":false},"author":1,"featured_media":0,"parent":0,"menu_order":0,"comment_status":"closed","ping_status":"closed","template":"","meta":[],"_links":{"self":[{"href":"https:\/\/renobec.ca\/home\/wp-json\/wp\/v2\/pages\/211"}],"collection":[{"href":"https:\/\/renobec.ca\/home\/wp-json\/wp\/v2\/pages"}],"about":[{"href":"https:\/\/renobec.ca\/home\/wp-json\/wp\/v2\/types\/page"}],"author":[{"embeddable":true,"href":"https:\/\/renobec.ca\/home\/wp-json\/wp\/v2\/users\/1"}],"replies":[{"embeddable":true,"href":"https:\/\/renobec.ca\/home\/wp-json\/wp\/v2\/comments?post=211"}],"version-history":[{"count":27,"href":"https:\/\/renobec.ca\/home\/wp-json\/wp\/v2\/pages\/211\/revisions"}],"predecessor-version":[{"id":1238,"href":"https:\/\/renobec.ca\/home\/wp-json\/wp\/v2\/pages\/211\/revisions\/1238"}],"wp:attachment":[{"href":"https:\/\/renobec.ca\/home\/wp-json\/wp\/v2\/media?parent=211"}],"curies":[{"name":"wp","href":"https:\/\/api.w.org\/{rel}","templated":true}]}}