{"id":310,"date":"2021-09-29T03:32:56","date_gmt":"2021-09-29T03:32:56","guid":{"rendered":"https:\/\/renobec.ca\/home\/?page_id=310"},"modified":"2025-11-27T18:20:53","modified_gmt":"2025-11-27T23:20:53","slug":"fonctionnement-de-la-plate-forme","status":"publish","type":"page","link":"https:\/\/renobec.ca\/home\/fonctionnement-de-la-plate-forme\/","title":{"rendered":"Fonctionnement de la plate-forme"},"content":{"rendered":"\n<h1 class=\"wp-block-heading\">D\u00e9couvrez comment profiter de nos services !<\/h1>\n\n\n\n<figure class=\"wp-block-image size-full is-resized\"><img decoding=\"async\" loading=\"lazy\" src=\"https:\/\/renobec.ca\/home\/wp-content\/uploads\/2021\/09\/agreement.png\" alt=\"\" class=\"wp-image-313\" width=\"419\" height=\"258\"\/><\/figure>\n\n\n\n<p><\/p>\n\n\n\n<h2 class=\"wp-block-heading\">1- Appliquer sur des projets affich\u00e9s par les propri\u00e9taires<\/h2>\n\n\n\n<p>Maximisez vos chances d&rsquo;\u00eatre s\u00e9lectionn\u00e9 par des clients potentiels en appliquant directement sur des projets. Les projets sont affich\u00e9s par les propri\u00e9taires qui ont des travaux de r\u00e9novation \u00e0 entreprendre. Seuls les projets situ\u00e9s dans votre r\u00e9gion et pour lesquels vous offrez les services vous sont pr\u00e9sent\u00e9s.<\/p>\n\n\n\n<p>Lorsqu&rsquo;un projet vous int\u00e9resse vous pouvez, moyennant le nombre de jetons-cr\u00e9dits indiqu\u00e9, appliquer sur ce projet. C&rsquo;est alors une opportunit\u00e9 de vous d\u00e9marquer et possiblement d\u00e9crocher un contrat. Vous obtiendrez les renseignements du propri\u00e9taire: Son nom, num\u00e9ro de t\u00e9l\u00e9phone et adresse courriel. Contactez le propri\u00e9taire et prenez rendez-vous afin de faire l&rsquo;\u00e9valuation des travaux et r\u00e9diger une soumission.<\/p>\n\n\n\n<p>Vous pouvez \u00e9galement faire l&rsquo;achat de forfaits qui vous offre la possibilit\u00e9 d&rsquo;appliquer sur des projets sans aucune limite pendant toute la dur\u00e9e de votre forfait sans n\u00e9cessiter de payer des jetons-cr\u00e9dits.<\/p>\n\n\n\n<h2 class=\"wp-block-heading\">2- Obtention de prospects<\/h2>\n\n\n\n<p>Les propri\u00e9taires ont acc\u00e8s \u00e0 voir la liste des entrepreneurs pr\u00e8s de chez eux, c&rsquo;est-\u00e0-dire ceux qui se situent dans un rayon d&rsquo;au plus 100KM et peuvent donc d\u00e9cider de vous manifester leur int\u00e9r\u00eat directement en vous envoyant directement un message priv\u00e9. Ces requ\u00eates priv\u00e9s envers vos services sont ce qu&rsquo;on qualifie de &laquo; Prospects &raquo;. Ces propri\u00e9taires qui vous contactent deviennent d\u00e9sormais vos &laquo; Prospects &raquo;. Vous recevez donc les noms des clients, leur num\u00e9ros de t\u00e9l\u00e9phone ainsi que leurs adresses courriel. Vous pourrez \u00e9galement \u00e9changer des messages \u00e0 travers la plateforme.<\/p>\n\n\n\n<p>Pour recevoir des Prospects, vous devez souscrire \u00e0 un forfait.<\/p>\n\n\n\n<h2 class=\"wp-block-heading\">3- Publier des offres d&#8217;emplois et acc\u00e8s \u00e0 la banque de candidats<\/h2>\n\n\n\n<p>Les entrepreneurs peuvent afficher des offres d\u2019emploi&nbsp;directement sur la plateforme. En effet, vous affichez vos offres d&#8217;emploi depuis votre <a href=\"https:\/\/renobec.ca\/home\/devenir-partenaire\/\">compte-entrepreneur<\/a> et trouvez rapidement des candidats qualifi\u00e9s, pr\u00eats \u00e0 rejoindre vos rangs. Vous avez \u00e9galement acc\u00e8s \u00e0 une banque de candidats qui vous permet de s\u00e9lectionner le meilleur talent pour votre \u00e9quipe.<\/p>\n\n\n\n<h2 class=\"wp-block-heading\">4- Augmentez votre visibilit\u00e9 aupr\u00e8s des propri\u00e9taires gr\u00e2ce \u00e0 une publicit\u00e9 cibl\u00e9e.<\/h2>\n\n\n\n<p>En tant qu&rsquo;entrepreneur, vous avez l&rsquo;opportunit\u00e9 de promouvoir votre entreprise directement aupr\u00e8s des propri\u00e9taires, gr\u00e2ce \u00e0 une solution publicitaire \u00e0 co\u00fbt r\u00e9duit. Profitez d\u2019une visibilit\u00e9 strat\u00e9gique en apparaissant sur les profils des propri\u00e9taires, l\u00e0 o\u00f9 votre message atteindra des clients potentiels d\u00e9j\u00e0 int\u00e9ress\u00e9s. Rien de plus efficace pour capter leur attention et g\u00e9n\u00e9rer des opportunit\u00e9s concr\u00e8tes !<\/p>\n\n\n\n<h2 class=\"wp-block-heading\">5- Une page de profil public : votre vitrine en ligne.<\/h2>\n\n\n\n<p>Mettez en valeur vos services avec une page de profil publique professionnelle, id\u00e9ale pour attirer de nouveaux clients sans avoir besoin d&rsquo;un site web co\u00fbteux ou complexe. Cette page vous permet de pr\u00e9senter votre expertise, vos r\u00e9alisations et vos offres, tout en vous offrant une visibilit\u00e9 optimale sur le web. Un moyen simple, efficace et rapide de booster votre pr\u00e9sence en ligne, tout en \u00e9liminant les contraintes techniques d\u2019un site internet.<\/p>\n\n\n\n<h2 class=\"wp-block-heading\"><a href=\"https:\/\/renobec.ca\/home\/credits-et-forfaits\/\">Comment obtenir des jetons-cr\u00e9dits ou acheter des forfaits ?<\/a><\/h2>\n","protected":false},"excerpt":{"rendered":"<p>D\u00e9couvrez comment profiter de nos services ! 1- Appliquer sur des projets affich\u00e9s par les propri\u00e9taires Maximisez vos chances d&rsquo;\u00eatre s\u00e9lectionn\u00e9 par des clients potentiels en appliquant directement sur des projets. Les projets sont affich\u00e9s par les propri\u00e9taires qui ont des travaux de r\u00e9novation \u00e0 entreprendre. Seuls les projets situ\u00e9s dans votre r\u00e9gion et pour [&hellip;]<\/p>\n","protected":false},"author":1,"featured_media":0,"parent":0,"menu_order":0,"comment_status":"closed","ping_status":"closed","template":"","meta":[],"_links":{"self":[{"href":"https:\/\/renobec.ca\/home\/wp-json\/wp\/v2\/pages\/310"}],"collection":[{"href":"https:\/\/renobec.ca\/home\/wp-json\/wp\/v2\/pages"}],"about":[{"href":"https:\/\/renobec.ca\/home\/wp-json\/wp\/v2\/types\/page"}],"author":[{"embeddable":true,"href":"https:\/\/renobec.ca\/home\/wp-json\/wp\/v2\/users\/1"}],"replies":[{"embeddable":true,"href":"https:\/\/renobec.ca\/home\/wp-json\/wp\/v2\/comments?post=310"}],"version-history":[{"count":22,"href":"https:\/\/renobec.ca\/home\/wp-json\/wp\/v2\/pages\/310\/revisions"}],"predecessor-version":[{"id":1333,"href":"https:\/\/renobec.ca\/home\/wp-json\/wp\/v2\/pages\/310\/revisions\/1333"}],"wp:attachment":[{"href":"https:\/\/renobec.ca\/home\/wp-json\/wp\/v2\/media?parent=310"}],"curies":[{"name":"wp","href":"https:\/\/api.w.org\/{rel}","templated":true}]}}