{"id":435,"date":"2021-11-04T22:52:12","date_gmt":"2021-11-04T22:52:12","guid":{"rendered":"https:\/\/renobec.ca\/home\/?page_id=435"},"modified":"2025-11-17T11:51:29","modified_gmt":"2025-11-17T16:51:29","slug":"boutique-renobec","status":"publish","type":"page","link":"https:\/\/renobec.ca\/home\/boutique-renobec\/","title":{"rendered":"Boutique R\u00e9nobec"},"content":{"rendered":"\n<h2 class=\"wp-block-heading\">Boutique R\u00e9nobec<\/h2>\n\n\n\n<p>R\u00e9nobec met \u00e0 disposition une boutique en ligne accessible au <a href=\"https:\/\/renobec.ca\/boutique\">https:\/\/renobec.ca\/boutique<\/a><\/p>\n\n\n\n<p>Seul nos partenaires-entrepreneurs peuvent se connecter \u00e0 la boutique et y acheter des produits.<\/p>\n\n\n\n<p>En effet, connectez-vous \u00e0 votre compte entrepreneur depuis l&rsquo;<a href=\"https:\/\/renobec.ca\/login.php\">espace membre<\/a> et acc\u00e9dez \u00e0 la boutique.<\/p>\n\n\n\n<p>Votre adresse postale doit \u00eatre dument compl\u00e9t\u00e9e dans votre compte-entrepreneur pour acc\u00e9der \u00e0 la boutique.<\/p>\n\n\n\n<p>Vous ne pouvez pas vous connecter \u00e0 la boutique R\u00e9nobec en p\u00e9riode de promotion ou lorsque que vous avez un forfait actif.<\/p>\n\n\n\n<p>Les paiements se font avec les services de Paypal ou par virement Interac.<\/p>\n\n\n\n<h4 class=\"wp-block-heading\">PAYPAL :<\/h4>\n\n\n\n<figure class=\"wp-block-image size-full is-resized\"><img decoding=\"async\" loading=\"lazy\" src=\"https:\/\/renobec.ca\/home\/wp-content\/uploads\/2024\/11\/Paypal_2014_logo.png\" alt=\"\" class=\"wp-image-998\" width=\"98\" height=\"97\" srcset=\"https:\/\/renobec.ca\/home\/wp-content\/uploads\/2024\/11\/Paypal_2014_logo.png 593w, https:\/\/renobec.ca\/home\/wp-content\/uploads\/2024\/11\/Paypal_2014_logo-300x296.png 300w, https:\/\/renobec.ca\/home\/wp-content\/uploads\/2024\/11\/Paypal_2014_logo-150x150.png 150w, https:\/\/renobec.ca\/home\/wp-content\/uploads\/2024\/11\/Paypal_2014_logo-12x12.png 12w\" sizes=\"(max-width: 98px) 100vw, 98px\" \/><\/figure>\n\n\n\n<p>Lorsque vous utilisez les services de Paypal, la r\u00e9ception des fonds est v\u00e9rifi\u00e9e \u00e9lectroniquement et les produits sont livr\u00e9s automatiquement.<\/p>\n\n\n\n<p><\/p>\n\n\n\n<h4 class=\"wp-block-heading\">Virement INTERAC :<\/h4>\n\n\n\n<figure class=\"wp-block-image size-full is-resized\"><img decoding=\"async\" loading=\"lazy\" src=\"https:\/\/renobec.ca\/home\/wp-content\/uploads\/2024\/11\/interac-virement_fr.png\" alt=\"\" class=\"wp-image-999\" width=\"92\" height=\"115\" srcset=\"https:\/\/renobec.ca\/home\/wp-content\/uploads\/2024\/11\/interac-virement_fr.png 300w, https:\/\/renobec.ca\/home\/wp-content\/uploads\/2024\/11\/interac-virement_fr-239x300.png 239w, https:\/\/renobec.ca\/home\/wp-content\/uploads\/2024\/11\/interac-virement_fr-10x12.png 10w\" sizes=\"(max-width: 92px) 100vw, 92px\" \/><\/figure>\n\n\n\n<p>Lorsque vous utilisez les services Interac, la r\u00e9ception des fonds est v\u00e9rifi\u00e9e manuellement ce qui peut causer certains d\u00e9lais dans la livraison de vos produits. Vous devrez faire votre paiement \u00e0 paiements@renobec.ca. Vous devez utiliser votre adresse courriel ou votre num\u00e9ro de t\u00e9l\u00e9phone inscrits \u00e0 votre dossier. La r\u00e9ponse secr\u00e8te: <strong>joby<\/strong><\/p>\n\n\n\n<p><\/p>\n\n\n\n<h2 class=\"wp-block-heading\">Interface boutique<\/h2>\n\n\n\n<figure class=\"wp-block-image size-large\"><img decoding=\"async\" loading=\"lazy\" width=\"1024\" height=\"601\" src=\"https:\/\/renobec.ca\/home\/wp-content\/uploads\/2021\/12\/boutique_screenshot-1024x601.png\" alt=\"\" class=\"wp-image-492\" srcset=\"https:\/\/renobec.ca\/home\/wp-content\/uploads\/2021\/12\/boutique_screenshot-1024x601.png 1024w, https:\/\/renobec.ca\/home\/wp-content\/uploads\/2021\/12\/boutique_screenshot-300x176.png 300w, https:\/\/renobec.ca\/home\/wp-content\/uploads\/2021\/12\/boutique_screenshot-768x451.png 768w, https:\/\/renobec.ca\/home\/wp-content\/uploads\/2021\/12\/boutique_screenshot.png 1196w\" sizes=\"(max-width: 1024px) 100vw, 1024px\" \/><\/figure>\n\n\n\n<h2 class=\"wp-block-heading\" id=\"quoi-acheter-sur-la-boutique\">Quoi acheter sur la boutique<\/h2>\n\n\n\n<p>Les produits suivants sont disponibles sur la boutique:<\/p>\n\n\n\n<ul>\n<li>Des jetons-cr\u00e9dits<\/li>\n\n\n\n<li>Des forfaits trimestriels et annuels<\/li>\n<\/ul>\n\n\n\n<p><\/p>\n","protected":false},"excerpt":{"rendered":"<p>Boutique R\u00e9nobec R\u00e9nobec met \u00e0 disposition une boutique en ligne accessible au https:\/\/renobec.ca\/boutique Seul nos partenaires-entrepreneurs peuvent se connecter \u00e0 la boutique et y acheter des produits. En effet, connectez-vous \u00e0 votre compte entrepreneur depuis l&rsquo;espace membre et acc\u00e9dez \u00e0 la boutique. Votre adresse postale doit \u00eatre dument compl\u00e9t\u00e9e dans votre compte-entrepreneur pour acc\u00e9der \u00e0 [&hellip;]<\/p>\n","protected":false},"author":1,"featured_media":0,"parent":0,"menu_order":0,"comment_status":"closed","ping_status":"closed","template":"","meta":[],"_links":{"self":[{"href":"https:\/\/renobec.ca\/home\/wp-json\/wp\/v2\/pages\/435"}],"collection":[{"href":"https:\/\/renobec.ca\/home\/wp-json\/wp\/v2\/pages"}],"about":[{"href":"https:\/\/renobec.ca\/home\/wp-json\/wp\/v2\/types\/page"}],"author":[{"embeddable":true,"href":"https:\/\/renobec.ca\/home\/wp-json\/wp\/v2\/users\/1"}],"replies":[{"embeddable":true,"href":"https:\/\/renobec.ca\/home\/wp-json\/wp\/v2\/comments?post=435"}],"version-history":[{"count":25,"href":"https:\/\/renobec.ca\/home\/wp-json\/wp\/v2\/pages\/435\/revisions"}],"predecessor-version":[{"id":1314,"href":"https:\/\/renobec.ca\/home\/wp-json\/wp\/v2\/pages\/435\/revisions\/1314"}],"wp:attachment":[{"href":"https:\/\/renobec.ca\/home\/wp-json\/wp\/v2\/media?parent=435"}],"curies":[{"name":"wp","href":"https:\/\/api.w.org\/{rel}","templated":true}]}}